{"id":6,"date":"2016-02-01T09:06:24","date_gmt":"2016-02-01T07:06:24","guid":{"rendered":"http:\/\/livedemo.templatation.com\/legal-power\/?page_id=6"},"modified":"2023-10-19T18:25:49","modified_gmt":"2023-10-19T16:25:49","slug":"acasa","status":"publish","type":"page","link":"https:\/\/avocat-buruian-caracas.ro\/ro\/","title":{"rendered":"Acas\u0103"},"content":{"rendered":"<p>[vc_row full_width=&#8221;stretch_row_content_no_spaces&#8221;][vc_column][rev_slider_vc alias=&#8221;legalmain&#8221;][\/vc_column][\/vc_row][vc_row css=&#8221;.vc_custom_1455450528152{margin-top: 55px !important;margin-bottom: 40px !important;}&#8221;][vc_column css=&#8221;.vc_custom_1453735199194{margin-bottom: 50px !important;}&#8221;][tt_title_shortcode heading=&#8221;DREPTURILE TALE, STRATEGIA NOASTR\u0102 \u2013 SUCCESUL T\u0102U&#8221; size=&#8221;h5&#8243; alignment=&#8221;left&#8221; css=&#8221;.vc_custom_1599479173177{margin-bottom: 30px !important;}&#8221;][vc_column_text]Societatea noastr\u0103 \u00ee\u021bi poate fi partener\u0103, fie c\u0103 e\u0219ti persoan\u0103 fizic\u0103 sau persoan\u0103 juridic\u0103, indiferent de domeniul de activitate.[\/vc_column_text][\/vc_column][\/vc_row][vc_row css=&#8221;.vc_custom_1455450528152{margin-top: 55px !important;margin-bottom: 40px !important;}&#8221;][vc_column css=&#8221;.vc_custom_1453735199194{margin-bottom: 50px !important;}&#8221;][tt_title_shortcode heading=&#8221;NE PROPUNEM&#8221; size=&#8221;h2&#8243;][vc_row_inner][vc_column_inner width=&#8221;1\/2&#8243;][tt_block_with_icon_shortcode size=&#8221;h6&#8243; description=&#8221;S\u0103 \u00ee\u021bi ap\u0103r\u0103m drepturile \u0219i s\u0103 le maximizam, astfel \u00eenc\u00e2t problema ta nu doar s\u0103 se rezolve, ci s\u0103 fie \u0219i un nou punct de pornire, benefic pentru viitorul t\u0103u ori bussiness-ul t\u0103u.&#8221; icon_fontawesome=&#8221;fa fa-check&#8221; icon_color=&#8221;custom&#8221; icon_custom_color=&#8221;#bd9c57&#8243;][tt_block_with_icon_shortcode size=&#8221;h6&#8243; description=&#8221;S\u0103 transform\u0103m cuno\u0219tin\u021bele noastre juridice \u0219i angajamentul personal \u00een cel mai bun rezultat posibil pentru cauza ta.&#8221; icon_fontawesome=&#8221;fa fa-magic&#8221; icon_color=&#8221;custom&#8221; icon_custom_color=&#8221;#bd9c57&#8243;][\/vc_column_inner][vc_column_inner width=&#8221;1\/2&#8243;][tt_block_with_icon_shortcode size=&#8221;h6&#8243; description=&#8221;S\u0103 folosim toate informa\u021biile pentru a alege cea mai bun\u0103 strategie, analiz\u00e2nd at\u00e2t efectele pe termen scurt, c\u00e2t \u0219i cele pe termen lung, pentru a te putea bucura \u00eendelung de succesul ob\u021binut.&#8221; icon_fontawesome=&#8221;fa fa-key&#8221; icon_color=&#8221;custom&#8221; icon_custom_color=&#8221;#bd9c57&#8243;][tt_block_with_icon_shortcode size=&#8221;h6&#8243; description=&#8221;S\u0103 devenim aliatul t\u0103u de \u00eencredere.&#8221; icon_fontawesome=&#8221;fa fa-thumbs-o-up&#8221; icon_color=&#8221;custom&#8221; icon_custom_color=&#8221;#bd9c57&#8243;][\/vc_column_inner][\/vc_row_inner][\/vc_column][\/vc_row][vc_row full_width=&#8221;stretch_row&#8221; css=&#8221;.vc_custom_1598944194527{padding-top: 60px !important;padding-bottom: 50px !important;background-color: rgba(247,246,246,0.2) !important;background-position: center !important;background-repeat: no-repeat !important;background-size: cover !important;*background-color: rgb(247,246,246) !important;}&#8221;][vc_column][tt_title_shortcode heading=&#8221;ARII DE PRACTIC\u0102&#8221; size=&#8221;h2&#8243;][vc_row_inner css=&#8221;.vc_custom_1455440235769{padding-top: -35px !important;}&#8221;][vc_column_inner width=&#8221;1\/3&#8243;][tt_block_with_icon_shortcode title=&#8221;DREPT SOCIETAR &#8211; INSOLVEN\u021a\u0102&#8221; size=&#8221;h5&#8243; description=&#8221;Fie ca ave\u021bi o societate mare, medie sau mic\u0103, noi v\u0103 putem ajuta \u00een legatur\u0103 cu procedurile de &#8230;&#8221; custom_icon=&#8221;flaticon-rain7&#8243; type=&#8221;typicons&#8221; icon_typicons=&#8221;typcn typcn-group-outline&#8221; icon_color=&#8221;custom&#8221; i_size=&#8221;ttxl&#8221; readmore=&#8221;Afl\u0103 mai mult&#8221; readmorelink=&#8221;https:\/\/avocat-buruian-caracas.ro\/arii-de-practica\/#1453910734636-4f2bec76-f47b&#8221; icon_custom_color=&#8221;#bf9e58&#8243;][vc_empty_space height=&#8221;40px&#8221;][\/vc_column_inner][vc_column_inner width=&#8221;1\/3&#8243;][tt_block_with_icon_shortcode title=&#8221;DREPTUL MUNCII&#8221; size=&#8221;h5&#8243; description=&#8221;ANGAJAT sau ANGAJATOR? Indiferent de calitatea pe care o ai, noi \u00ee\u021bi suntem al\u0103turi printr-o expertiz\u0103 &#8230;&#8221; icon_fontawesome=&#8221;fa fa-users&#8221; icon_color=&#8221;custom&#8221; i_size=&#8221;ttxl&#8221; readmore=&#8221;Afl\u0103 mai mult&#8221; readmorelink=&#8221;https:\/\/avocat-buruian-caracas.ro\/arii-de-practica\/#1514933540300-5b22ebb7-2fea&#8221; icon_custom_color=&#8221;#bf9e58&#8243;][vc_empty_space height=&#8221;40px&#8221;][\/vc_column_inner][vc_column_inner width=&#8221;1\/3&#8243;][tt_block_with_icon_shortcode title=&#8221;DREPT CONTRAVENTIONAL&#8221; size=&#8221;h5&#8243; description=&#8221;\u00cen pofida semnifica\u021biei deosebite \u0219i a amplorii fenomenului contraven\u021bional, legisla\u021bia rom\u00e2neasc\u0103 din &#8230;&#8221; icon_fontawesome=&#8221;fa fa-user-secret&#8221; icon_color=&#8221;custom&#8221; i_size=&#8221;ttxl&#8221; readmore=&#8221;Afl\u0103 mai mult&#8221; readmorelink=&#8221;https:\/\/avocat-buruian-caracas.ro\/arii-de-practica\/#1455459934502-4fcd599d-9fea&#8221; icon_custom_color=&#8221;#bf9e58&#8243;][vc_empty_space height=&#8221;40px&#8221;][\/vc_column_inner][\/vc_row_inner][vc_row_inner el_class=&#8221;bottom-featured&#8221; css=&#8221;.vc_custom_1455442206869{margin-bottom: 0px !important;}&#8221;][vc_column_inner width=&#8221;1\/3&#8243;][tt_block_with_icon_shortcode title=&#8221;DREPT PENAL&#8221; size=&#8221;h5&#8243; description=&#8221;Confruntarea cu sistemul justi\u021biei penale poate fi incredibil de cople\u0219itoare, ajung\u00e2nd s\u0103 fie chiar &#8230;&#8221; custom_icon=&#8221;flaticon-justice4&#8243; icon_fontawesome=&#8221;fa fa-home&#8221; icon_color=&#8221;custom&#8221; i_size=&#8221;ttxl&#8221; readmore=&#8221;Afl\u0103 mai mult&#8221; readmorelink=&#8221;https:\/\/avocat-buruian-caracas.ro\/arii-de-practica\/#1455459930840-688e173c-7129&#8243; icon_custom_color=&#8221;#bf9e58&#8243;][\/vc_column_inner][vc_column_inner width=&#8221;1\/3&#8243;][tt_block_with_icon_shortcode title=&#8221;DREPTUL FAMILIEI&#8221; size=&#8221;h5&#8243; description=&#8221;Niciun alt domeniu nu este la fel de sensibil \u0219i emo\u021bional, a\u0219a cum este dreptul familiei. Problemele din &#8230;&#8221; custom_icon=&#8221;flaticon-familiar17&#8243; type=&#8221;typicons&#8221; icon_typicons=&#8221;typcn typcn-group-outline&#8221; icon_color=&#8221;custom&#8221; i_size=&#8221;ttxl&#8221; readmore=&#8221;Afl\u0103 mai mult&#8221; readmorelink=&#8221;https:\/\/avocat-buruian-caracas.ro\/arii-de-practica\/#1455459926883-5929844c-492b&#8221; icon_custom_color=&#8221;#bf9e58&#8243;][\/vc_column_inner][vc_column_inner width=&#8221;1\/3&#8243;][tt_block_with_icon_shortcode title=&#8221;PROPRIETATE INTELECTUAL\u0102&#8221; size=&#8221;h5&#8243; description=&#8221;Echipa noastr\u0103 v\u0103 este al\u0103turi at\u00e2t \u00een cauzele litigioase, c\u00e2t \u0219i \u00een cele nelitigioase ce \u021bin de &#8230;&#8221; icon_fontawesome=&#8221;fa fa-file-archive-o&#8221; icon_color=&#8221;custom&#8221; i_size=&#8221;ttxl&#8221; readmore=&#8221;Afl\u0103 mai mult&#8221; readmorelink=&#8221;https:\/\/avocat-buruian-caracas.ro\/arii-de-practica\/#1455460153364-6a9c4f00-d629&#8243; icon_custom_color=&#8221;#bf9e58&#8243;][\/vc_column_inner][\/vc_row_inner][vc_row_inner el_class=&#8221;bottom-featured&#8221; css=&#8221;.vc_custom_1455442206869{margin-bottom: 0px !important;}&#8221;][vc_column_inner width=&#8221;1\/3&#8243;][tt_block_with_icon_shortcode title=&#8221;DREPT IMOBILIAR&#8221; size=&#8221;h5&#8243; description=&#8221;Acest domeniu foarte complex este \u00eentr-o continu\u0103 evolu\u021bie, inclusiv din punct de vedere legislativ, iar &#8230;&#8221; icon_fontawesome=&#8221;fa fa-home&#8221; icon_color=&#8221;custom&#8221; i_size=&#8221;ttxl&#8221; readmore=&#8221;Afl\u0103 mai mult&#8221; readmorelink=&#8221;https:\/\/avocat-buruian-caracas.ro\/arii-de-practica\/#1455460167010-1cd0edd4-84a9&#8243; icon_custom_color=&#8221;#bf9e58&#8243;][\/vc_column_inner][vc_column_inner width=&#8221;1\/3&#8243;][tt_block_with_icon_shortcode title=&#8221;ACHIZI\u021aII PUBLICE&#8221; size=&#8221;h5&#8243; description=&#8221;Procedura achizi\u021biilor publice este una deosebit\u0103, fiind reglementat\u0103 prin legi speciale, cu reguli &#8230;&#8221; icon_fontawesome=&#8221;fa fa-book&#8221; icon_color=&#8221;custom&#8221; i_size=&#8221;ttxl&#8221; readmore=&#8221;Afl\u0103 mai mult&#8221; readmorelink=&#8221;https:\/\/avocat-buruian-caracas.ro\/arii-de-practica\/#1455460176107-0fb13684-9a2d&#8221; icon_custom_color=&#8221;#bf9e58&#8243;][\/vc_column_inner][vc_column_inner width=&#8221;1\/3&#8243;][tt_block_with_icon_shortcode title=&#8221;DREPTUL IMIGRAN\u021aILOR&#8221; size=&#8221;h5&#8243; description=&#8221;O noua via\u021b\u0103? O nou\u0103 via\u021b\u0103 \u00eentr-o nou\u0103 \u021bar\u0103? Orice \u00eenceput este dificil, \u00eens\u0103 atunci c\u00e2nd ai &#8230;&#8221; custom_icon=&#8221;flaticon-sprain&#8221; icon_fontawesome=&#8221;fa fa-wheelchair&#8221; icon_color=&#8221;custom&#8221; i_size=&#8221;ttxl&#8221; readmore=&#8221;Afl\u0103 mai mult&#8221; readmorelink=&#8221;https:\/\/avocat-buruian-caracas.ro\/arii-de-practica\/#1455460181923-206e8e06-d059&#8243; icon_custom_color=&#8221;#bf9e58&#8243;][\/vc_column_inner][\/vc_row_inner][vc_row_inner el_class=&#8221;bottom-featured&#8221; css=&#8221;.vc_custom_1455442206869{margin-bottom: 0px !important;}&#8221;][vc_column_inner width=&#8221;1\/3&#8243;][tt_block_with_icon_shortcode title=&#8221;DREPTUL MEDICAL&#8221; size=&#8221;h5&#8243; description=&#8221;Orice demers ce are c\u0103 izvor actul medical ori care are o leg\u0103tur\u0103 cu industria medical\u0103 este o &#8230;&#8221; custom_icon=&#8221;flaticon-medical85&#8243; icon_fontawesome=&#8221;fa fa-home&#8221; icon_color=&#8221;custom&#8221; i_size=&#8221;ttxl&#8221; readmore=&#8221;Afl\u0103 mai mult&#8221; readmorelink=&#8221;https:\/\/avocat-buruian-caracas.ro\/arii-de-practica\/#1455460189297-14112105-fb02&#8243; icon_custom_color=&#8221;#bf9e58&#8243;][\/vc_column_inner][vc_column_inner width=&#8221;1\/3&#8243;][tt_block_with_icon_shortcode title=&#8221;DREPTUL SPORTULUI&#8221; size=&#8221;h5&#8243; description=&#8221;Cre\u0219terea global\u0103 a popularit\u0103\u021bii sportului \u0219i disponibilitatea platformelor multimedia a creat o &#8230;&#8221; icon_fontawesome=&#8221;fa fa-trophy&#8221; icon_color=&#8221;custom&#8221; i_size=&#8221;ttxl&#8221; readmore=&#8221;Afla mai mult&#8221; readmorelink=&#8221;https:\/\/avocat-buruian-caracas.ro\/arii-de-practica\/#1455460214695-94fab508-c362&#8243; icon_custom_color=&#8221;#bf9e58&#8243;][\/vc_column_inner][vc_column_inner width=&#8221;1\/3&#8243;][tt_block_with_icon_shortcode title=&#8221;PROCEDURI DE EXECUTARE SILIT\u0102 &amp; RECUPERARE CREAN\u021aE&#8221; size=&#8221;h5&#8243; description=&#8221;Recuperarea crean\u021belor reprezint\u0103, de cele mai multe ori, o misiune dificil\u0103&#8230;&#8221; icon_fontawesome=&#8221;fa fa-street-view&#8221; icon_color=&#8221;custom&#8221; i_size=&#8221;ttxl&#8221; readmore=&#8221;Afl\u0103 mai mult&#8221; readmorelink=&#8221;https:\/\/avocat-buruian-caracas.ro\/arii-de-practica\/#1514927819262-44f47629-bd22&#8243; icon_custom_color=&#8221;#bf9e58&#8243;][\/vc_column_inner][\/vc_row_inner][\/vc_column][\/vc_row][vc_row full_width=&#8221;stretch_row&#8221; css=&#8221;.vc_custom_1455260626658{padding-top: 60px !important;background-color: #f0f0f1 !important;}&#8221;][vc_column css=&#8221;.vc_custom_1455611725841{margin-top: -5px !important;padding-top: -5px !important;}&#8221;][tt_title_shortcode heading=&#8221;PARTENERI FONDATORI&#8221; size=&#8221;h2&#8243; css=&#8221;.vc_custom_1599225360412{margin-top: -5px !important;margin-bottom: 10px !important;padding-top: -5px !important;}&#8221;][vc_empty_space height=&#8221;35px&#8221;][vc_row_inner][vc_column_inner width=&#8221;1\/4&#8243;][\/vc_column_inner][vc_column_inner width=&#8221;1\/4&#8243;][tt_our_team_shortcode title=&#8221;DENIS BURUIAN&#8221; image=&#8221;1311&#8243; social_fb=&#8221;https:\/\/www.facebook.com\/Buruian-Caraca%C8%99-%C8%99i-Asocia%C8%9Bii-Societate-Civil%C4%83-Profesional%C4%83-de-Avoca%C8%9Bi-1356974771073483\/?modal=admin_todo_tour&#8221; social_in=&#8221;&#8221; social_li=&#8221;https:\/\/www.linkedin.com\/in\/buruian-denis-a5230b95\/&#8221; social_tw=&#8221;&#8221; social_pi=&#8221;&#8221; social_google=&#8221;&#8221;][\/vc_column_inner][vc_column_inner width=&#8221;1\/4&#8243;][tt_our_team_shortcode title=&#8221;RALUCA &#8211; FLORENTINA CARACA\u0218&#8221; image=&#8221;1234&#8243; social_fb=&#8221;https:\/\/www.facebook.com\/Buruian-Caraca%C8%99-%C8%99i-Asocia%C8%9Bii-Societate-Civil%C4%83-Profesional%C4%83-de-Avoca%C8%9Bi-1356974771073483\/?modal=admin_todo_tour&#8221; social_in=&#8221;&#8221; social_li=&#8221;https:\/\/www.linkedin.com\/in\/raluca-florentina-caraca%C8%99-5409a8109\/&#8221; social_tw=&#8221;&#8221; social_pi=&#8221;&#8221; social_google=&#8221;&#8221;][\/vc_column_inner][vc_column_inner width=&#8221;1\/4&#8243;][\/vc_column_inner][\/vc_row_inner][\/vc_column][\/vc_row][vc_row full_width=&#8221;stretch_row&#8221; css=&#8221;.vc_custom_1455112608456{padding-top: 25px !important;padding-bottom: 90px !important;background-color: #f2f2f2 !important;}&#8221;][vc_column][tt_title_shortcode heading=&#8221;FII INFORMAT!&#8221; size=&#8221;h2&#8243; css=&#8221;.vc_custom_1516301588526{padding-top: 35px !important;}&#8221;][tt_blog_posts_shortcode columns=&#8221;4&#8243; post_align=&#8221;center&#8221; post_elements=&#8221;&#8221; amount=&#8221;3&#8243;][\/vc_column][\/vc_row][vc_row full_width=&#8221;stretch_row&#8221; content_placement=&#8221;middle&#8221; css=&#8221;.vc_custom_1455114217297{margin-top: -6px !important;border-top-width: -6px !important;padding-top: -6px !important;padding-bottom: 10px !important;background-color: #bf9e58 !important;}&#8221;][vc_column css=&#8221;.vc_custom_1455114332923{margin-top: -6px !important;border-top-width: -6px !important;padding-top: -6px !important;}&#8221;][tt_info_block_shortcode s_description=&#8221;Pentru orice problema juridic\u0103 din via\u021b\u0103 ta, noi \u00ee\u021bi suntem al\u0103turi!&#8221; f_size=&#8221;22px&#8221; txt_color=&#8221;#1f1f1f&#8221; add_button=&#8221;yes&#8221; link_text=&#8221;contacta\u021bi-ne&#8221; link=&#8221;https:\/\/avocat-buruian-caracas.ro\/contact\/&#8221; button_type=&#8221;white&#8221; b_bg_color=&#8221;#ffffff&#8221; b_txt_color=&#8221;#1f1f1f&#8221;][\/vc_column][\/vc_row]<\/p>\n","protected":false},"excerpt":{"rendered":"<p>[vc_row full_width=&#8221;stretch_row_content_no_spaces&#8221;][vc_column][rev_slider_vc alias=&#8221;legalmain&#8221;][\/vc_column][\/vc_row][vc_row css=&#8221;.vc_custom_1455450528152{margin-top: 55px !important;margin-bottom: 40px !important;}&#8221;][vc_column css=&#8221;.vc_custom_1453735199194{margin-bottom: 50px !important;}&#8221;][tt_title_shortcode heading=&#8221;DREPTURILE TALE, STRATEGIA NOASTR\u0102 \u2013 SUCCESUL T\u0102U&#8221; size=&#8221;h5&#8243; alignment=&#8221;left&#8221; css=&#8221;.vc_custom_1599479173177{margin-bottom: 30px !important;}&#8221;][vc_column_text]Societatea noastr\u0103 \u00ee\u021bi poate fi partener\u0103, fie c\u0103 e\u0219ti persoan\u0103 fizic\u0103 sau persoan\u0103 juridic\u0103, indiferent de domeniul de activitate.[\/vc_column_text][\/vc_column][\/vc_row][vc_row css=&#8221;.vc_custom_1455450528152{margin-top: 55px !important;margin-bottom: 40px !important;}&#8221;][vc_column css=&#8221;.vc_custom_1453735199194{margin-bottom: 50px !important;}&#8221;][tt_title_shortcode heading=&#8221;NE PROPUNEM&#8221; size=&#8221;h2&#8243;][vc_row_inner][vc_column_inner width=&#8221;1\/2&#8243;][tt_block_with_icon_shortcode size=&#8221;h6&#8243; description=&#8221;S\u0103 [&hellip;]<\/p>\n","protected":false},"author":1,"featured_media":0,"parent":0,"menu_order":0,"comment_status":"closed","ping_status":"closed","template":"","meta":{"footnotes":""},"yoast_head":"<!-- This site is optimized with the Yoast SEO plugin v21.4 - https:\/\/yoast.com\/wordpress\/plugins\/seo\/ -->\n<title>SCPA BURUIAN, CARACAS SI ASOCIATII - Cabinet avocatura<\/title>\n<meta name=\"description\" content=\"Servicii de avocatura in urmatoarele domenii: Drept comercial, Drept civil, Dreptul familiei, Dreptul muncii, Proprietate intelectuala.\" \/>\n<meta name=\"robots\" content=\"index, follow, max-snippet:-1, max-image-preview:large, max-video-preview:-1\" \/>\n<link rel=\"canonical\" href=\"https:\/\/avocat-buruian-caracas.ro\/ro\/\" \/>\n<meta property=\"og:locale\" content=\"ro_RO\" \/>\n<meta property=\"og:type\" content=\"article\" \/>\n<meta property=\"og:title\" content=\"SCPA BURUIAN, CARACAS SI ASOCIATII - Cabinet avocatura\" \/>\n<meta property=\"og:description\" content=\"Servicii de avocatura in urmatoarele domenii: Drept comercial, Drept civil, Dreptul familiei, Dreptul muncii, Proprietate intelectuala.\" \/>\n<meta property=\"og:url\" content=\"https:\/\/avocat-buruian-caracas.ro\/ro\/\" \/>\n<meta property=\"og:site_name\" content=\"SCPA BURUIAN, CARACA\u0218 \u0218I ASOCIA\u021aII\" \/>\n<meta property=\"article:publisher\" content=\"https:\/\/www.facebook.com\/buruian.caracas.avocati\/\" \/>\n<meta property=\"article:modified_time\" content=\"2023-10-19T16:25:49+00:00\" \/>\n<meta name=\"twitter:card\" content=\"summary_large_image\" \/>\n<meta name=\"twitter:label1\" content=\"Timp estimat pentru citire\" \/>\n\t<meta name=\"twitter:data1\" content=\"4 minute\" \/>\n<script type=\"application\/ld+json\" class=\"yoast-schema-graph\">{\"@context\":\"https:\/\/schema.org\",\"@graph\":[{\"@type\":\"WebPage\",\"@id\":\"https:\/\/avocat-buruian-caracas.ro\/ro\/\",\"url\":\"https:\/\/avocat-buruian-caracas.ro\/ro\/\",\"name\":\"SCPA BURUIAN, CARACAS SI ASOCIATII - Cabinet avocatura\",\"isPartOf\":{\"@id\":\"https:\/\/avocat-buruian-caracas.ro\/ro\/#website\"},\"datePublished\":\"2016-02-01T07:06:24+00:00\",\"dateModified\":\"2023-10-19T16:25:49+00:00\",\"description\":\"Servicii de avocatura in urmatoarele domenii: Drept comercial, Drept civil, Dreptul familiei, Dreptul muncii, Proprietate intelectuala.\",\"breadcrumb\":{\"@id\":\"https:\/\/avocat-buruian-caracas.ro\/ro\/#breadcrumb\"},\"inLanguage\":\"ro-RO\",\"potentialAction\":[{\"@type\":\"ReadAction\",\"target\":[\"https:\/\/avocat-buruian-caracas.ro\/ro\/\"]}]},{\"@type\":\"BreadcrumbList\",\"@id\":\"https:\/\/avocat-buruian-caracas.ro\/ro\/#breadcrumb\",\"itemListElement\":[{\"@type\":\"ListItem\",\"position\":1,\"name\":\"Home\",\"item\":\"https:\/\/avocat-buruian-caracas.ro\/ro\/\"},{\"@type\":\"ListItem\",\"position\":2,\"name\":\"Acas\u0103\"}]},{\"@type\":\"WebSite\",\"@id\":\"https:\/\/avocat-buruian-caracas.ro\/ro\/#website\",\"url\":\"https:\/\/avocat-buruian-caracas.ro\/ro\/\",\"name\":\"SCP BURUIAN, CARACAS SI ASOCIATII\",\"description\":\"SCPA\",\"publisher\":{\"@id\":\"https:\/\/avocat-buruian-caracas.ro\/ro\/#organization\"},\"potentialAction\":[{\"@type\":\"SearchAction\",\"target\":{\"@type\":\"EntryPoint\",\"urlTemplate\":\"https:\/\/avocat-buruian-caracas.ro\/ro\/?s={search_term_string}\"},\"query-input\":\"required name=search_term_string\"}],\"inLanguage\":\"ro-RO\"},{\"@type\":\"Organization\",\"@id\":\"https:\/\/avocat-buruian-caracas.ro\/ro\/#organization\",\"name\":\"BURUIAN, CARACAS SI ASOCIATII Societate Civila Profesionala de Avocati\",\"url\":\"https:\/\/avocat-buruian-caracas.ro\/ro\/\",\"logo\":{\"@type\":\"ImageObject\",\"inLanguage\":\"ro-RO\",\"@id\":\"https:\/\/avocat-buruian-caracas.ro\/ro\/#\/schema\/logo\/image\/\",\"url\":\"https:\/\/avocat-buruian-caracas.ro\/wp-content\/uploads\/unnamed-bun.png\",\"contentUrl\":\"https:\/\/avocat-buruian-caracas.ro\/wp-content\/uploads\/unnamed-bun.png\",\"width\":277,\"height\":88,\"caption\":\"BURUIAN, CARACAS SI ASOCIATII Societate Civila Profesionala de Avocati\"},\"image\":{\"@id\":\"https:\/\/avocat-buruian-caracas.ro\/ro\/#\/schema\/logo\/image\/\"},\"sameAs\":[\"https:\/\/www.facebook.com\/buruian.caracas.avocati\/\"]}]}<\/script>\n<!-- \/ Yoast SEO plugin. -->","yoast_head_json":{"title":"SCPA BURUIAN, CARACAS SI ASOCIATII - Cabinet avocatura","description":"Servicii de avocatura in urmatoarele domenii: Drept comercial, Drept civil, Dreptul familiei, Dreptul muncii, Proprietate intelectuala.","robots":{"index":"index","follow":"follow","max-snippet":"max-snippet:-1","max-image-preview":"max-image-preview:large","max-video-preview":"max-video-preview:-1"},"canonical":"https:\/\/avocat-buruian-caracas.ro\/ro\/","og_locale":"ro_RO","og_type":"article","og_title":"SCPA BURUIAN, CARACAS SI ASOCIATII - Cabinet avocatura","og_description":"Servicii de avocatura in urmatoarele domenii: Drept comercial, Drept civil, Dreptul familiei, Dreptul muncii, Proprietate intelectuala.","og_url":"https:\/\/avocat-buruian-caracas.ro\/ro\/","og_site_name":"SCPA BURUIAN, CARACA\u0218 \u0218I ASOCIA\u021aII","article_publisher":"https:\/\/www.facebook.com\/buruian.caracas.avocati\/","article_modified_time":"2023-10-19T16:25:49+00:00","twitter_card":"summary_large_image","twitter_misc":{"Timp estimat pentru citire":"4 minute"},"schema":{"@context":"https:\/\/schema.org","@graph":[{"@type":"WebPage","@id":"https:\/\/avocat-buruian-caracas.ro\/ro\/","url":"https:\/\/avocat-buruian-caracas.ro\/ro\/","name":"SCPA BURUIAN, CARACAS SI ASOCIATII - Cabinet avocatura","isPartOf":{"@id":"https:\/\/avocat-buruian-caracas.ro\/ro\/#website"},"datePublished":"2016-02-01T07:06:24+00:00","dateModified":"2023-10-19T16:25:49+00:00","description":"Servicii de avocatura in urmatoarele domenii: Drept comercial, Drept civil, Dreptul familiei, Dreptul muncii, Proprietate intelectuala.","breadcrumb":{"@id":"https:\/\/avocat-buruian-caracas.ro\/ro\/#breadcrumb"},"inLanguage":"ro-RO","potentialAction":[{"@type":"ReadAction","target":["https:\/\/avocat-buruian-caracas.ro\/ro\/"]}]},{"@type":"BreadcrumbList","@id":"https:\/\/avocat-buruian-caracas.ro\/ro\/#breadcrumb","itemListElement":[{"@type":"ListItem","position":1,"name":"Home","item":"https:\/\/avocat-buruian-caracas.ro\/ro\/"},{"@type":"ListItem","position":2,"name":"Acas\u0103"}]},{"@type":"WebSite","@id":"https:\/\/avocat-buruian-caracas.ro\/ro\/#website","url":"https:\/\/avocat-buruian-caracas.ro\/ro\/","name":"SCP BURUIAN, CARACAS SI ASOCIATII","description":"SCPA","publisher":{"@id":"https:\/\/avocat-buruian-caracas.ro\/ro\/#organization"},"potentialAction":[{"@type":"SearchAction","target":{"@type":"EntryPoint","urlTemplate":"https:\/\/avocat-buruian-caracas.ro\/ro\/?s={search_term_string}"},"query-input":"required name=search_term_string"}],"inLanguage":"ro-RO"},{"@type":"Organization","@id":"https:\/\/avocat-buruian-caracas.ro\/ro\/#organization","name":"BURUIAN, CARACAS SI ASOCIATII Societate Civila Profesionala de Avocati","url":"https:\/\/avocat-buruian-caracas.ro\/ro\/","logo":{"@type":"ImageObject","inLanguage":"ro-RO","@id":"https:\/\/avocat-buruian-caracas.ro\/ro\/#\/schema\/logo\/image\/","url":"https:\/\/avocat-buruian-caracas.ro\/wp-content\/uploads\/unnamed-bun.png","contentUrl":"https:\/\/avocat-buruian-caracas.ro\/wp-content\/uploads\/unnamed-bun.png","width":277,"height":88,"caption":"BURUIAN, CARACAS SI ASOCIATII Societate Civila Profesionala de Avocati"},"image":{"@id":"https:\/\/avocat-buruian-caracas.ro\/ro\/#\/schema\/logo\/image\/"},"sameAs":["https:\/\/www.facebook.com\/buruian.caracas.avocati\/"]}]}},"_links":{"self":[{"href":"https:\/\/avocat-buruian-caracas.ro\/ro\/wp-json\/wp\/v2\/pages\/6\/"}],"collection":[{"href":"https:\/\/avocat-buruian-caracas.ro\/ro\/wp-json\/wp\/v2\/pages\/"}],"about":[{"href":"https:\/\/avocat-buruian-caracas.ro\/ro\/wp-json\/wp\/v2\/types\/page\/"}],"author":[{"embeddable":true,"href":"https:\/\/avocat-buruian-caracas.ro\/ro\/wp-json\/wp\/v2\/users\/1\/"}],"replies":[{"embeddable":true,"href":"https:\/\/avocat-buruian-caracas.ro\/ro\/wp-json\/wp\/v2\/comments\/?post=6"}],"version-history":[{"count":93,"href":"https:\/\/avocat-buruian-caracas.ro\/ro\/wp-json\/wp\/v2\/pages\/6\/revisions\/"}],"predecessor-version":[{"id":1167,"href":"https:\/\/avocat-buruian-caracas.ro\/ro\/wp-json\/wp\/v2\/pages\/6\/revisions\/1167\/"}],"wp:attachment":[{"href":"https:\/\/avocat-buruian-caracas.ro\/ro\/wp-json\/wp\/v2\/media\/?parent=6"}],"curies":[{"name":"wp","href":"https:\/\/api.w.org\/{rel}","templated":true}]}}