{"id":32,"date":"2016-02-01T10:35:27","date_gmt":"2016-02-01T10:35:27","guid":{"rendered":"http:\/\/livedemo.templatation.com\/legal-power\/?page_id=32"},"modified":"2020-09-15T09:31:18","modified_gmt":"2020-09-15T07:31:18","slug":"despre-noi","status":"publish","type":"page","link":"https:\/\/avocat-buruian-caracas.ro\/ro\/despre-noi\/","title":{"rendered":"Despre noi"},"content":{"rendered":"<p>[vc_row css=&#8221;.vc_custom_1455452333090{margin-top: 30px !important;}&#8221;][vc_column css=&#8221;.vc_custom_1453807960928{margin-bottom: 50px !important;}&#8221;][tt_title_shortcode heading=&#8221;DESPRE NOI&#8221; size=&#8221;h2&#8243; alignment=&#8221;left&#8221; css=&#8221;.vc_custom_1516306576826{margin-bottom: 40px !important;}&#8221;][tt_text_block_button_shortcode description=&#8221;SCPA BURUIAN, CARACAS \u0218I ASOCIA\u021aII nu reprezint\u0103 doar o societate de avocatur\u0103, ci \u00ee\u0219i propune s\u0103 devin\u0103 prietenul t\u0103u de \u00eencredere!<\/p>\n<p>Dedicarea fa\u021b\u0103 de aceast\u0103 profesie ne determin\u0103 s\u0103 fim la curent cu toate nout\u0103\u021bile de interes pentru noi, \u0219i cu siguran\u021b\u0103 aceste informa\u021bii te vor ajut\u0103 \u0219i pe \u021bine. Vrem s\u0103 fii sigur c\u0103 atunci c\u00e2nd ne vei contacta, po\u021bi conta pe noi \u2013 cuno\u0219tin\u021bele noastre juridice \u0219i angajamentul personal fa\u021b\u0103 de cauza ta ne vor conduce c\u0103tre cel mai bun rezultat posibil.<\/p>\n<p>INTEGRITATEA, PERSEVEREN\u021aA, PREG\u0102TIREA, SUCCESUL, sunt doar c\u00e2teva dintre valorile pe care noi le pre\u021buim \u0219i pentru care lupt\u0103m zi de zi, fiind motiva\u021bi de dorin\u021ba de a fi printre cei mai buni.<\/p>\n<p>Suntem al\u0103turi de tine, al\u0103turi de bussiness-ul t\u0103u, prin oferirea unor servicii profesionale bazate \u00een primul r\u00e2nd pe \u00een\u021belegerea nevoilor clientului, dar \u0219i pe o preg\u0103tire riguroas\u0103 \u0219i eficient\u0103 a echipei noastre.<\/p>\n<p>Po\u021bi fi sigur c\u0103 vom transforma cuno\u0219tin\u021bele noastre juridice \u00een cele mai bune strategii pentru cauza ta, devenind astfel aliatul t\u0103u de \u00eencredere.<\/p>\n<p>Drepturile tale sunt o prioritate pentru noi, iar un avocat preg\u0103tit face de cele mai multe ori diferen\u021ba.<\/p>\n<p>Limitele teritoriale nu sunt o barier\u0103 \u00een vederea solu\u021bion\u0103rii problemelor tale, dispun\u00e2nd de conlucr\u0103ri cu unii dintre cei mai buni avoca\u021bi, exper\u021bi, interpre\u021bi, at\u00e2t din \u021bar\u0103 c\u00e2t \u0219i de peste hotare.&#8221; css=&#8221;.vc_custom_1600155073306{padding-bottom: 35px !important;}&#8221;][\/vc_column][\/vc_row][vc_row full_width=&#8221;stretch_row&#8221; content_placement=&#8221;middle&#8221; css=&#8221;.vc_custom_1455114217297{margin-top: -6px !important;border-top-width: -6px !important;padding-top: -6px !important;padding-bottom: 10px !important;background-color: #bf9e58 !important;}&#8221;][vc_column css=&#8221;.vc_custom_1455114332923{margin-top: -6px !important;border-top-width: -6px !important;padding-top: -6px !important;}&#8221;][tt_info_block_shortcode s_description=&#8221;Pentru orice problem\u0103 juridic\u0103 din via\u021ba ta, noi \u00ee\u021bi suntem al\u0103turi!&#8221; f_size=&#8221;22px&#8221; txt_color=&#8221;#1f1f1f&#8221; add_button=&#8221;yes&#8221; link_text=&#8221;contacta\u021bi-ne&#8221; link=&#8221;https:\/\/avocat-buruian-caracas.ro\/contact\/&#8221; button_type=&#8221;white&#8221; b_bg_color=&#8221;#ffffff&#8221; b_txt_color=&#8221;#1f1f1f&#8221;][\/vc_column][\/vc_row]<\/p>\n","protected":false},"excerpt":{"rendered":"<p>[vc_row css=&#8221;.vc_custom_1455452333090{margin-top: 30px !important;}&#8221;][vc_column css=&#8221;.vc_custom_1453807960928{margin-bottom: 50px !important;}&#8221;][tt_title_shortcode heading=&#8221;DESPRE NOI&#8221; size=&#8221;h2&#8243; alignment=&#8221;left&#8221; css=&#8221;.vc_custom_1516306576826{margin-bottom: 40px !important;}&#8221;][tt_text_block_button_shortcode description=&#8221;SCPA BURUIAN, CARACAS \u0218I ASOCIA\u021aII nu reprezint\u0103 doar o societate de avocatur\u0103, ci \u00ee\u0219i propune s\u0103 devin\u0103 prietenul t\u0103u de \u00eencredere! Dedicarea fa\u021b\u0103 de aceast\u0103 profesie ne determin\u0103 s\u0103 fim la curent cu toate nout\u0103\u021bile de interes pentru noi, \u0219i cu [&hellip;]<\/p>\n","protected":false},"author":1,"featured_media":0,"parent":0,"menu_order":0,"comment_status":"closed","ping_status":"closed","template":"","meta":{"footnotes":""},"yoast_head":"<!-- This site is optimized with the Yoast SEO plugin v21.4 - https:\/\/yoast.com\/wordpress\/plugins\/seo\/ -->\n<title>Despre noi - SCPA BURUIAN, CARACA\u0218 \u0218I ASOCIA\u021aII<\/title>\n<meta name=\"robots\" content=\"index, follow, max-snippet:-1, max-image-preview:large, max-video-preview:-1\" \/>\n<link rel=\"canonical\" href=\"https:\/\/avocat-buruian-caracas.ro\/ro\/despre-noi\/\" \/>\n<meta property=\"og:locale\" content=\"ro_RO\" \/>\n<meta property=\"og:type\" content=\"article\" \/>\n<meta property=\"og:title\" content=\"Despre noi - SCPA BURUIAN, CARACA\u0218 \u0218I ASOCIA\u021aII\" \/>\n<meta property=\"og:description\" content=\"[vc_row css=&#8221;.vc_custom_1455452333090{margin-top: 30px !important;}&#8221;][vc_column css=&#8221;.vc_custom_1453807960928{margin-bottom: 50px !important;}&#8221;][tt_title_shortcode heading=&#8221;DESPRE NOI&#8221; size=&#8221;h2&#8243; alignment=&#8221;left&#8221; css=&#8221;.vc_custom_1516306576826{margin-bottom: 40px !important;}&#8221;][tt_text_block_button_shortcode description=&#8221;SCPA BURUIAN, CARACAS \u0218I ASOCIA\u021aII nu reprezint\u0103 doar o societate de avocatur\u0103, ci \u00ee\u0219i propune s\u0103 devin\u0103 prietenul t\u0103u de \u00eencredere! Dedicarea fa\u021b\u0103 de aceast\u0103 profesie ne determin\u0103 s\u0103 fim la curent cu toate nout\u0103\u021bile de interes pentru noi, \u0219i cu [&hellip;]\" \/>\n<meta property=\"og:url\" content=\"https:\/\/avocat-buruian-caracas.ro\/ro\/despre-noi\/\" \/>\n<meta property=\"og:site_name\" content=\"SCPA BURUIAN, CARACA\u0218 \u0218I ASOCIA\u021aII\" \/>\n<meta property=\"article:publisher\" content=\"https:\/\/www.facebook.com\/buruian.caracas.avocati\/\" \/>\n<meta property=\"article:modified_time\" content=\"2020-09-15T07:31:18+00:00\" \/>\n<meta name=\"twitter:card\" content=\"summary_large_image\" \/>\n<meta name=\"twitter:label1\" content=\"Timp estimat pentru citire\" \/>\n\t<meta name=\"twitter:data1\" content=\"2 minute\" \/>\n<script type=\"application\/ld+json\" class=\"yoast-schema-graph\">{\"@context\":\"https:\/\/schema.org\",\"@graph\":[{\"@type\":\"WebPage\",\"@id\":\"https:\/\/avocat-buruian-caracas.ro\/ro\/despre-noi\/\",\"url\":\"https:\/\/avocat-buruian-caracas.ro\/ro\/despre-noi\/\",\"name\":\"Despre noi - SCPA BURUIAN, CARACA\u0218 \u0218I ASOCIA\u021aII\",\"isPartOf\":{\"@id\":\"https:\/\/avocat-buruian-caracas.ro\/ro\/#website\"},\"datePublished\":\"2016-02-01T10:35:27+00:00\",\"dateModified\":\"2020-09-15T07:31:18+00:00\",\"breadcrumb\":{\"@id\":\"https:\/\/avocat-buruian-caracas.ro\/ro\/despre-noi\/#breadcrumb\"},\"inLanguage\":\"ro-RO\",\"potentialAction\":[{\"@type\":\"ReadAction\",\"target\":[\"https:\/\/avocat-buruian-caracas.ro\/ro\/despre-noi\/\"]}]},{\"@type\":\"BreadcrumbList\",\"@id\":\"https:\/\/avocat-buruian-caracas.ro\/ro\/despre-noi\/#breadcrumb\",\"itemListElement\":[{\"@type\":\"ListItem\",\"position\":1,\"name\":\"Home\",\"item\":\"https:\/\/avocat-buruian-caracas.ro\/ro\/\"},{\"@type\":\"ListItem\",\"position\":2,\"name\":\"Despre noi\"}]},{\"@type\":\"WebSite\",\"@id\":\"https:\/\/avocat-buruian-caracas.ro\/ro\/#website\",\"url\":\"https:\/\/avocat-buruian-caracas.ro\/ro\/\",\"name\":\"SCP BURUIAN, CARACAS SI ASOCIATII\",\"description\":\"SCPA\",\"publisher\":{\"@id\":\"https:\/\/avocat-buruian-caracas.ro\/ro\/#organization\"},\"potentialAction\":[{\"@type\":\"SearchAction\",\"target\":{\"@type\":\"EntryPoint\",\"urlTemplate\":\"https:\/\/avocat-buruian-caracas.ro\/ro\/?s={search_term_string}\"},\"query-input\":\"required name=search_term_string\"}],\"inLanguage\":\"ro-RO\"},{\"@type\":\"Organization\",\"@id\":\"https:\/\/avocat-buruian-caracas.ro\/ro\/#organization\",\"name\":\"BURUIAN, CARACAS SI ASOCIATII Societate Civila Profesionala de Avocati\",\"url\":\"https:\/\/avocat-buruian-caracas.ro\/ro\/\",\"logo\":{\"@type\":\"ImageObject\",\"inLanguage\":\"ro-RO\",\"@id\":\"https:\/\/avocat-buruian-caracas.ro\/ro\/#\/schema\/logo\/image\/\",\"url\":\"https:\/\/avocat-buruian-caracas.ro\/wp-content\/uploads\/unnamed-bun.png\",\"contentUrl\":\"https:\/\/avocat-buruian-caracas.ro\/wp-content\/uploads\/unnamed-bun.png\",\"width\":277,\"height\":88,\"caption\":\"BURUIAN, CARACAS SI ASOCIATII Societate Civila Profesionala de Avocati\"},\"image\":{\"@id\":\"https:\/\/avocat-buruian-caracas.ro\/ro\/#\/schema\/logo\/image\/\"},\"sameAs\":[\"https:\/\/www.facebook.com\/buruian.caracas.avocati\/\"]}]}<\/script>\n<!-- \/ Yoast SEO plugin. -->","yoast_head_json":{"title":"Despre noi - SCPA BURUIAN, CARACA\u0218 \u0218I ASOCIA\u021aII","robots":{"index":"index","follow":"follow","max-snippet":"max-snippet:-1","max-image-preview":"max-image-preview:large","max-video-preview":"max-video-preview:-1"},"canonical":"https:\/\/avocat-buruian-caracas.ro\/ro\/despre-noi\/","og_locale":"ro_RO","og_type":"article","og_title":"Despre noi - SCPA BURUIAN, CARACA\u0218 \u0218I ASOCIA\u021aII","og_description":"[vc_row css=&#8221;.vc_custom_1455452333090{margin-top: 30px !important;}&#8221;][vc_column css=&#8221;.vc_custom_1453807960928{margin-bottom: 50px !important;}&#8221;][tt_title_shortcode heading=&#8221;DESPRE NOI&#8221; size=&#8221;h2&#8243; alignment=&#8221;left&#8221; css=&#8221;.vc_custom_1516306576826{margin-bottom: 40px !important;}&#8221;][tt_text_block_button_shortcode description=&#8221;SCPA BURUIAN, CARACAS \u0218I ASOCIA\u021aII nu reprezint\u0103 doar o societate de avocatur\u0103, ci \u00ee\u0219i propune s\u0103 devin\u0103 prietenul t\u0103u de \u00eencredere! Dedicarea fa\u021b\u0103 de aceast\u0103 profesie ne determin\u0103 s\u0103 fim la curent cu toate nout\u0103\u021bile de interes pentru noi, \u0219i cu [&hellip;]","og_url":"https:\/\/avocat-buruian-caracas.ro\/ro\/despre-noi\/","og_site_name":"SCPA BURUIAN, CARACA\u0218 \u0218I ASOCIA\u021aII","article_publisher":"https:\/\/www.facebook.com\/buruian.caracas.avocati\/","article_modified_time":"2020-09-15T07:31:18+00:00","twitter_card":"summary_large_image","twitter_misc":{"Timp estimat pentru citire":"2 minute"},"schema":{"@context":"https:\/\/schema.org","@graph":[{"@type":"WebPage","@id":"https:\/\/avocat-buruian-caracas.ro\/ro\/despre-noi\/","url":"https:\/\/avocat-buruian-caracas.ro\/ro\/despre-noi\/","name":"Despre noi - SCPA BURUIAN, CARACA\u0218 \u0218I ASOCIA\u021aII","isPartOf":{"@id":"https:\/\/avocat-buruian-caracas.ro\/ro\/#website"},"datePublished":"2016-02-01T10:35:27+00:00","dateModified":"2020-09-15T07:31:18+00:00","breadcrumb":{"@id":"https:\/\/avocat-buruian-caracas.ro\/ro\/despre-noi\/#breadcrumb"},"inLanguage":"ro-RO","potentialAction":[{"@type":"ReadAction","target":["https:\/\/avocat-buruian-caracas.ro\/ro\/despre-noi\/"]}]},{"@type":"BreadcrumbList","@id":"https:\/\/avocat-buruian-caracas.ro\/ro\/despre-noi\/#breadcrumb","itemListElement":[{"@type":"ListItem","position":1,"name":"Home","item":"https:\/\/avocat-buruian-caracas.ro\/ro\/"},{"@type":"ListItem","position":2,"name":"Despre noi"}]},{"@type":"WebSite","@id":"https:\/\/avocat-buruian-caracas.ro\/ro\/#website","url":"https:\/\/avocat-buruian-caracas.ro\/ro\/","name":"SCP BURUIAN, CARACAS SI ASOCIATII","description":"SCPA","publisher":{"@id":"https:\/\/avocat-buruian-caracas.ro\/ro\/#organization"},"potentialAction":[{"@type":"SearchAction","target":{"@type":"EntryPoint","urlTemplate":"https:\/\/avocat-buruian-caracas.ro\/ro\/?s={search_term_string}"},"query-input":"required name=search_term_string"}],"inLanguage":"ro-RO"},{"@type":"Organization","@id":"https:\/\/avocat-buruian-caracas.ro\/ro\/#organization","name":"BURUIAN, CARACAS SI ASOCIATII Societate Civila Profesionala de Avocati","url":"https:\/\/avocat-buruian-caracas.ro\/ro\/","logo":{"@type":"ImageObject","inLanguage":"ro-RO","@id":"https:\/\/avocat-buruian-caracas.ro\/ro\/#\/schema\/logo\/image\/","url":"https:\/\/avocat-buruian-caracas.ro\/wp-content\/uploads\/unnamed-bun.png","contentUrl":"https:\/\/avocat-buruian-caracas.ro\/wp-content\/uploads\/unnamed-bun.png","width":277,"height":88,"caption":"BURUIAN, CARACAS SI ASOCIATII Societate Civila Profesionala de Avocati"},"image":{"@id":"https:\/\/avocat-buruian-caracas.ro\/ro\/#\/schema\/logo\/image\/"},"sameAs":["https:\/\/www.facebook.com\/buruian.caracas.avocati\/"]}]}},"_links":{"self":[{"href":"https:\/\/avocat-buruian-caracas.ro\/ro\/wp-json\/wp\/v2\/pages\/32\/"}],"collection":[{"href":"https:\/\/avocat-buruian-caracas.ro\/ro\/wp-json\/wp\/v2\/pages\/"}],"about":[{"href":"https:\/\/avocat-buruian-caracas.ro\/ro\/wp-json\/wp\/v2\/types\/page\/"}],"author":[{"embeddable":true,"href":"https:\/\/avocat-buruian-caracas.ro\/ro\/wp-json\/wp\/v2\/users\/1\/"}],"replies":[{"embeddable":true,"href":"https:\/\/avocat-buruian-caracas.ro\/ro\/wp-json\/wp\/v2\/comments\/?post=32"}],"version-history":[{"count":29,"href":"https:\/\/avocat-buruian-caracas.ro\/ro\/wp-json\/wp\/v2\/pages\/32\/revisions\/"}],"predecessor-version":[{"id":1284,"href":"https:\/\/avocat-buruian-caracas.ro\/ro\/wp-json\/wp\/v2\/pages\/32\/revisions\/1284\/"}],"wp:attachment":[{"href":"https:\/\/avocat-buruian-caracas.ro\/ro\/wp-json\/wp\/v2\/media\/?parent=32"}],"curies":[{"name":"wp","href":"https:\/\/api.w.org\/{rel}","templated":true}]}}