{"id":1358,"date":"2020-09-30T09:58:56","date_gmt":"2020-09-30T07:58:56","guid":{"rendered":"https:\/\/avocat-buruian-caracas.ro\/?page_id=1358"},"modified":"2020-09-30T09:58:56","modified_gmt":"2020-09-30T07:58:56","slug":"politica-de-confidentialitate","status":"publish","type":"page","link":"https:\/\/avocat-buruian-caracas.ro\/ro\/politica-de-confidentialitate\/","title":{"rendered":"Politica de confiden\u021bialitate"},"content":{"rendered":"<p><strong>PRELUCRAREA DATELOR CU CARACTER PERSONAL<\/strong><\/p>\n<p>Ultima actualizare: august 2020.<\/p>\n<p>DBCR respect\u0103 dreptul la via\u021b\u0103 privat\u0103 al persoanelor care viziteaz\u0103 Site-ul \u0219i care ne contacteaz\u0103 pe cale electronic\u0103. Atunci c\u00e2nd interac\u021biona\u021bi cu noi, exist\u0103 posibilitatea s\u0103 ne furniza\u021bi informa\u021bii care s\u0103 ne ajute s\u0103 v\u0103 identific\u0103m (spre exemplu, nume, e-mail, num\u0103r de telefon). De asemenea, anumite informa\u021bii care ne ajut\u0103 s\u0103 v\u0103 identific\u0103m sunt necesare pentru executarea contractelor de asisten\u021b\u0103 juridic\u0103 pe care le \u00eencheiem cu dumneavoastr\u0103, emiterea facturilor\/chitan\u021belor.\u00a0 \u00cen plus, DBCR colecteaz\u0103 unele informa\u021bii referitoare la colaboratorii \u0219i angaja\u021bii s\u0103i, conform legii. Aceste informa\u021bii sunt cunoscute sub denumirea de \u201edate cu caracter personal\u201d. Prezenta Politic\u0103 de confiden\u021bialitate respect\u0103 dispozi\u021biile Regulamentului (UE) 2016\/679 al Parlamentului European \u0219i al Consiliului din 27 aprilie 2016 privind protec\u021bia persoanelor fizice \u00een ceea ce prive\u0219te prelucrarea datelor cu caracter personal \u0219i privind libera circula\u021bie a acestor date \u0219i de abrogare a Directivei 95\/46\/CE (denumit \u00een continuare \u201eGDPR\u201d).<\/p>\n<p><strong>\u00a0<\/strong><\/p>\n<p><strong>TEMEIURILE JURIDICE ALE PRELUCR\u0102RII<\/strong><\/p>\n<ol>\n<li><strong> Prelucrarea bazat\u0103 pe consim\u021b\u0103m\u00e2nt [art. 6 alin. (1) lit. (a) din GDPR]<\/strong><\/li>\n<\/ol>\n<p>\u00cen activitatea DBCR, prelucr\u0103rile de date av\u00e2nd ca temei consim\u021b\u0103m\u00e2ntul persoanelor vizate pot fi diverse, \u00een func\u021bie de activit\u0103\u021bile concrete desf\u0103\u0219urate \u0219i scopurile urm\u0103rite. De exemplu, prelucrarea datelor clien\u021bilor persoane fizice, \u00een scop de promovare (transmiterea de alerte legale\/newslettere prin e-mail) se realizeaz\u0103 pe baza consim\u021b\u0103m\u00e2ntului liber, specific, informat \u0219i lipsit de ambiguitate, ob\u021binut \u00een mod legal de la clien\u021bi.<\/p>\n<ol>\n<li><strong> Prelucrarea necesar\u0103 pentru \u00eencheierea \u0219i executarea unui contract [art. 6 alin. (1) lit. b) din GDPR]<\/strong><\/li>\n<\/ol>\n<p>Acest tip de prelucrare are loc, spre exemplu, atunci c\u00e2nd ini\u021biativa \u00eencheierii contractului de asisten\u021b\u0103 juridic\u0103 apar\u021bine unui nou client, persoan\u0103 fizic\u0103. De asemenea DBCR va prelucra datele de contact ale unui nou avocat colaborator, \u00een vederea \u00eencheierii contractului de colaborare.<\/p>\n<ol>\n<li><strong> Prelucrarea necesar\u0103 pentru \u00eendeplinirea unei obliga\u021bii legale [art. 6 alin. (1) lit. c) din GDPR]<\/strong><\/li>\n<\/ol>\n<p>Prelucrarea datelor cu caracter personal pe temeiul necesit\u0103\u021bii conform\u0103rii unei obliga\u021bii legale presupune existen\u021ba unei norme legale imperative aplicabile DBCR. \u00cen acest caz, prelucrarea este necesar\u0103 \u00een vederea conform\u0103rii obliga\u021biei legale.<\/p>\n<ol>\n<li>\u00cen baza legisla\u021biei privind prevenirea \u0219i sanc\u021bionarea sp\u0103l\u0103rii banilor \u0219i prevenirea \u0219i combaterea finan\u021b\u0103rii terorismului (Legea nr. 656\/2002 pentru prevenirea \u015fi sanc\u021bionarea sp\u0103l\u0103rii banilor, precum \u015fi pentru instituirea unor m\u0103suri de prevenire \u015fi combatere a finan\u021b\u0103rii terorismului), avoca\u021bii au anumite obliga\u021bii de implementare a unor m\u0103suri specifice de cunoa\u0219tere a clientelei \u0219i de raportare a unor tranzac\u021bii suspecte. Prelucr\u0103rile de date cu caracter personal necesare \u00eendeplinirii acestor obliga\u021bii sunt \u00eentemeiate pe obliga\u021bia legal\u0103.<\/li>\n<li>Avoca\u021bii au obliga\u021bia de a men\u021bine anumite eviden\u021be specifice privind activitatea lor, precum Registrul electronic al actelor \u00eentocmite de avocat. Prelucr\u0103rile de date cu caracter personal realizate \u00een acest scop au ca temei juridic \u00eendeplinirea unei obliga\u021bii legale.<\/li>\n<li>Unele dintre prelucr\u0103rile de date realizate de c\u0103tre Departamentul Financiar-contabilitate al DBCR, precum re\u021binerea \u0219i plata contribu\u021biilor sociale pentru personalul auxiliar, \u00eenregistr\u0103rile privind concediul salaria\u021bilor, se \u00eentemeiaz\u0103 pe obliga\u021bii legale reglementate de legisla\u021bia muncii.<\/li>\n<li><strong> Prelucrarea necesar\u0103 pentru \u00eendeplinirea unei sarcini care serve\u0219te unui interes public [art. 6 alin. (1) lit. e) din GDPR]<\/strong><\/li>\n<\/ol>\n<p>Conform art. 39 din Legea nr. 51\/1995, \u00een exercitarea profesiei, avoca\u021bii sunt parteneri indispensabili ai justi\u021biei. Prin urmare, activitatea profesional\u0103 a avocatului se exercit\u0103 \u00een scopul \u00eenf\u0103ptuirii justi\u021biei, servind astfel unui interes public. \u00cen acest caz, temeiul pe baza c\u0103ruia DBCR prelucreaz\u0103 datele cu caracter personal este cel prev\u0103zut \u00een art. 6 alin. (1) lit. e) din GDPR. Pentru a realiza activitatea profesional\u0103 \u00een scopul \u00eenf\u0103ptuirii justi\u021biei, avocatul prelucreaz\u0103 datele cu caracter personal ale p\u0103r\u021bilor adverse sau ale unor ter\u021be persoane. Temeiul acestei prelucr\u0103ri nu este consim\u021b\u0103m\u00e2ntul persoanelor vizate, dar nici contractul de asisten\u021b\u0103 juridic\u0103 \u00eencheiat cu clientul. Temeiul juridic \u00een reprezint\u0103 \u00eendeplinirea unei sarcini care serve\u0219te unui interes public.<\/p>\n<p>&nbsp;<\/p>\n<p>Datele cu caracter personal ale minorilor<\/p>\n<p>DBCR nu solicit\u0103 \u0219i nu colecteaz\u0103 \u00een mod inten\u021bionat date personale de la minori. \u00cen situa\u021bia \u00een care DBCR descoper\u0103 c\u0103 a colectat \u00een mod accidental date personale de la un minor, va elimina acele date \u00een cel mai scurt timp posibil. Totu\u0219i, DBCR va putea colecta date cu caracter personal de la minori atunci c\u00e2nd exist\u0103 consim\u0163\u0103m\u00e2ntul expres acordat \u00een acest sens de c\u0103tre p\u0103rin\u021bi sau reprezentan\u021bii legali.<\/p>\n<p>&nbsp;<\/p>\n<p>Newslettere \u0219i e-mail-uri<\/p>\n<p>\u00cen cazul \u00een care ne furniza\u021bi adresa dumneavoastr\u0103 de e-mail (fie pentru c\u0103 solicita\u021bi primirea comunic\u0103rilor \u0219i nout\u0103\u021bilor noastre, prin abonarea voluntar\u0103 la newsletter, fie pentru c\u0103 sunte\u021bi clientul societ\u0103\u021bii noastre, sunte\u021bi \u00een baza noastr\u0103 de date ca urmare a unor coresponden\u021be anterioare, adresa dvs. de e-mail a fost selectat\u0103 dintr-o baz\u0103 de date la care a\u021bi subscris ori adresa dvs. se reg\u0103se\u0219te pe site-urile publice), datele de contact pe care le oferi\u021bi vor putea fi utilizate pentru a v\u0103 trimite newsletter-uri.<\/p>\n<p>Putem folosi, de asemenea, adresa dumneavoastr\u0103 de e-mail pentru a v\u0103 trimite comunic\u0103ri referitoare la anumite servicii legate de anun\u021buri (de exemplu, anun\u021buri despre update-uri la Politica noastr\u0103 de confiden\u021bialitate, \u00eentreruperi sau schimb\u0103ri la serviciile noastre on-line sau politicile de suport tehnic sau alte modific\u0103ri conexe).<\/p>\n<p>&nbsp;<\/p>\n<p><strong>DREPTURILE PERSOANELOR VIZATE<\/strong><\/p>\n<p>\u00cen conformitate cu dispozi\u021biile GDPR, beneficia\u021bi de urm\u0103toarele drepturi:<\/p>\n<ol>\n<li><strong> Dreptul de acces,<\/strong> adic\u0103 de a ob\u021bine din partea DBCR o confirmare c\u0103 se prelucreaz\u0103 sau nu date cu caracter personal care v\u0103 privesc \u0219i, \u00een caz afirmativ, acces la datele respective \u0219i la urm\u0103toarele informa\u021bii:<\/li>\n<\/ol>\n<ul>\n<li>scopurile prelucr\u0103rii;<\/li>\n<li>categoriile de date cu caracter personal vizate;<\/li>\n<li>destinatarii sau categoriile de destinatari c\u0103rora datele cu caracter personal le-au fost sau urmeaz\u0103 s\u0103 le fie divulgate;<\/li>\n<li>acolo unde este posibil, perioada pentru care se preconizeaz\u0103 c\u0103 vor fi stocate datele cu caracter personal sau, dac\u0103 acest lucru nu este posibil, criteriile utilizate pentru a stabili aceast\u0103 perioad\u0103;<\/li>\n<li>existen\u021ba dreptului de a solicita DBCR rectificarea sau \u0219tergerea datelor cu caracter personal ori restric\u021bionarea prelucr\u0103rii datelor cu caracter personal referitoare la persoana vizat\u0103 sau a dreptului de a se opune prelucr\u0103rii;<\/li>\n<li>existen\u021ba dreptului de a depune o pl\u00e2ngere \u00een fa\u021ba Autorit\u0103\u021bii de supraveghere;<\/li>\n<li>\u00een cazul \u00een care datele cu caracter personal nu sunt colectate direct de la persoana vizat\u0103, orice informa\u021bii disponibile privind sursa acestora.<\/li>\n<\/ul>\n<p>&nbsp;<\/p>\n<ol>\n<li><strong> Dreptul la rectificare<\/strong>, adic\u0103 dreptul de a ob\u021bine de la DBCR, f\u0103r\u0103 \u00eent\u00e2rzieri nejustificate, rectificarea datelor cu caracter personal inexacte care v\u0103 privesc;<\/li>\n<\/ol>\n<p>&nbsp;<\/p>\n<ol>\n<li><strong> Dreptul la \u0219tergerea datelor<\/strong> (\u201edreptul de a fi uitat\u201d), adic\u0103 dreptul de a ob\u021bine din partea DBCR \u0219tergerea datelor cu caracter personal care v\u0103 privesc, f\u0103r\u0103 \u00eent\u00e2rzieri nejustificate, respectiv obliga\u021bia DBCR de a \u0219terge datele cu caracter personal f\u0103r\u0103 \u00eent\u00e2rzieri nejustificate, \u00een cazul \u00een care exist\u0103 unul dintre urm\u0103toarele motive:<\/li>\n<\/ol>\n<ul>\n<li>datele cu caracter personal nu mai sunt necesare pentru \u00eendeplinirea scopurilor pentru care au fost colectate sau prelucrate;<\/li>\n<li>dumneavoastr\u0103 v\u0103 retrage\u021bi consim\u021b\u0103m\u00e2ntul pe baza c\u0103ruia are loc prelucrarea, \u00een conformitate cu art. 6 alin. (1) lit. a) sau cu art. 9 alin. (2) lit. a) din GDPR, \u0219i nu exist\u0103 niciun alt temei juridic pentru prelucrare;<\/li>\n<li>dumneavoastr\u0103 v\u0103 opune\u021bi prelucr\u0103rii \u00een temeiul art. 21 alin. (1) din GDPR \u0219i nu exist\u0103 motive legitime care s\u0103 prevaleze \u00een ceea ce prive\u0219te prelucrarea sau dumneavoastr\u0103 v\u0103 opune\u021bi prelucr\u0103rii \u00een temeiul art. 21 alin. (2);<\/li>\n<li>datele cu caracter personal au fost prelucrate ilegal;<\/li>\n<li>datele cu caracter personal trebuie \u0219terse pentru respectarea unei obliga\u021bii legale ce revine DBCR \u00een temeiul dreptului UE, sau al dreptului intern sub inciden\u021ba c\u0103ruia se afl\u0103 societatea.<\/li>\n<\/ul>\n<p>&nbsp;<\/p>\n<ol>\n<li><strong> Dreptul la restric\u021bionarea prelucr\u0103rii, atunci c\u00e2nd:<\/strong><\/li>\n<\/ol>\n<ul>\n<li>dumneavoastr\u0103 contesta\u021bi exactitatea datelor, pentru perioada \u00een care DBCR verific\u0103 exactitatea datelor;<\/li>\n<li>prelucrarea este ilegal\u0103, iar dumneavoastr\u0103 v\u0103 opune\u021bi \u0219tergerii datelor cu caracter personal, solicit\u00e2nd \u00een schimb restric\u021bionarea utiliz\u0103rii lor;<\/li>\n<li>DBCR nu mai are nevoie de datele cu caracter personal \u00een scopul prelucr\u0103rii, dar dumneavoastr\u0103 le solicita\u021bi pentru constatarea, exercitarea sau ap\u0103rarea unui drept \u00een instan\u021b\u0103;<\/li>\n<li>dumneavoastr\u0103 v-a\u021bi opus prelucr\u0103rii \u00een conformitate cu art. 21 alin. (1) GDPR, pentru intervalul de timp \u00een care se verific\u0103 dac\u0103 drepturile legitime ale operatorului prevaleaz\u0103 asupra celor ale persoanei vizate.<\/li>\n<\/ul>\n<ol>\n<li><strong> Dreptul la portabilitatea datelor<\/strong>, adic\u0103 dreptul de a primi datele cu caracter personal care v\u0103 privesc \u0219i pe care le-a\u021bi furnizat DBCR \u00eentr-un format structurat, utilizat \u00een mod curent \u0219i care poate fi citit automat \u0219i dreptul de a transmite aceste date altui operator, f\u0103r\u0103 obstacole din partea DBCR, \u00een cazul \u00een care: prelucrarea se bazeaz\u0103 pe consim\u021b\u0103m\u00e2nt \u00een temeiul art. 6 alin. (1) lit. a) sau al art. 9 alin. (2) lit. a) GDPR sau pe un contract \u00een temeiul art. 6 alin. (1) lit. b) GDPR \u0219i prelucrarea este efectuat\u0103 prin mijloace automate;<\/li>\n<li><strong> Dreptul de a nu face obiectul unei decizii bazate exclusiv pe prelucrarea automat\u0103<\/strong>, inclusiv crearea de profiluri, care ar produce efecte juridice \u00een privin\u021ba dumneavoastr\u0103 sau v\u0103 afecteaz\u0103 \u00een mod similar \u00eentr-o m\u0103sur\u0103 semnificativ\u0103.<\/li>\n<\/ol>\n<p>Pentru exercitarea efectiv\u0103 a acestor drepturi, v\u0103 pute\u021bi adresa cu o cerere scris\u0103, datat\u0103 \u0219i semnat\u0103, la adresa de e-mail office@dbcr.ro, sau la sediul DBCR: Bucure\u0219ti, Sector 3, Str. Me\u0219terul Manole, nr. 6, bl. D11, sc. 1, etaj 1, ap. 4, Rom\u00e2nia.<\/p>\n<p>De asemenea, v\u0103 este recunoscut dreptul de a v\u0103 adresa justi\u021biei.<\/p>\n<p>Pe Site, utilizatorul este responsabil pentru toate activit\u0103\u021bile care survin ca urmare a furniz\u0103rii voluntare a numelui, e-mailului \u0219i num\u0103rului de telefon al acestuia. DBCR nu poate fi considerat\u0103 responsabil\u0103 pentru erorile survenite din cauza neglijen\u021bei utilizatorului privind securitatea \u0219i confiden\u021bialitatea numelui, e-mailului \u0219i num\u0103rului de telefon al acestuia. Datele personale ale utilizatorului vor putea fi folosite de c\u0103tre DBCR \u0219i colaboratorii s\u0103i numai \u00een scopul declarat al acestui Site. Datele personale vor putea fi \u00eens\u0103 transmise autorit\u0103\u021bilor \u00eendrituite s\u0103 verifice tranzac\u021biile comerciale sau altor autorit\u0103\u0163i \u00een drept s\u0103 efectueze orice verific\u0103ri justificate \u00een baza legii, dac\u0103 acest lucru va fi solicitat \u00een conformitate cu reglement\u0103rile \u00een vigoare.<\/p>\n<p>&nbsp;<\/p>\n<p>Tehnologiile utilizate<\/p>\n<p>Site-ul nu utilizeaz\u0103 tehnologii \u0219i module de tip \u201ecookie\u201d, fi\u0219iere server log (nu monitorizeaz\u0103 adresele IP sau activitatea de pe serverele dumneavoastr\u0103) \u0219i nu plaseaz\u0103 automat informa\u021bii pe calculatorul dumneavoastr\u0103 (nu plaseaz\u0103 Pixel Tags \u2013 \u201etaguri pixel\u201d, \u201eGIF-uri transparente\u201d sau alte asemenea tehnologii).<\/p>\n<p>Transferul datelor cu caracter personal<\/p>\n<p>DBCR nu va divulga niciodat\u0103 datele dumneavoastr\u0103 cu caracter personal unei societ\u0103\u021bi comerciale sau organiza\u021bii ter\u021be care inten\u021bioneaz\u0103 s\u0103 le foloseasc\u0103 \u00een scopuri de marketing direct, cu excep\u021bia situa\u021biei \u00een care v-a\u021bi oferit consim\u021b\u0103m\u00e2ntul expres \u0219i prealabil \u00een acest sens.<\/p>\n<p>Din ra\u021biuni strict tehnice, datele dumneavoastr\u0103 ar putea fi dezv\u0103luite unor colaboratori externi care \u00ee\u0219i desf\u0103\u0219oar\u0103 activitatea \u00een domeniul IT&amp;C (spre exemplu, unui furnizor de solu\u021bii software pentru g\u0103zduirea Site-ului, ori \u00een vederea transmiterii de newsletter-uri din partea DBCR). \u00cen aceste cazuri ne vom asigura c\u0103 partenerii men\u021biona\u021bi respect\u0103 securitatea \u0219i confiden\u021bialitatea informa\u021biilor dumneavoastr\u0103.<\/p>\n<p>Am putea dezv\u0103lui informa\u021biile dumneavoastr\u0103 personale, \u00een cazul \u00een care ne este solicitat acest lucru prin lege, sau \u00een cazul \u00een care, \u00een opinia noastr\u0103, fundamentat\u0103 pe buna-credin\u021b\u0103, o astfel de ac\u0163iune este \u00een mod rezonabil necesar\u0103 pentru a ne conforma procedurilor legale, pentru a r\u0103spunde oric\u0103ror solicit\u0103ri \u0219i preten\u021bii, sau pentru a proteja siguran\u021ba sau drepturile DBCR, ale clien\u021bilor s\u0103i, ori ale publicului \u00een general.<\/p>\n<p>Securitatea datelor<\/p>\n<p>DBCR ia toate m\u0103surile organizatorice \u0219i tehnice necesare pentru a proteja confiden\u021bialitatea \u0219i securitatea informa\u021biilor dumneavoastr\u0103 personale colectate de pe Site, dar \u0219i din alte surse, inclusiv \u00een cazul categoriilor speciale de date cu caracter personal \u0219i informa\u021biilor personale colectate de la minori. Aceste eforturi includ, dar nu sunt neap\u0103rat limitate la:<\/p>\n<ul>\n<li>stocarea informa\u021biilor dumneavoastr\u0103 personale \u00een medii de operare sigure, criptate, care nu sunt disponibile pentru public \u0219i care sunt accesibile numai angaja\u021bilor sau contractorilor autoriza\u021bi DBCR;<\/li>\n<li>utilizarea tehnologiilor de tip cloud \u201eMicrosoft OneDrive\u201d, furnizate de o companie de renume, care \u00eendepline\u0219te \u00een totalitate cerin\u021bele de conformitate \u0219i securitate reclamate de GDPR;<\/li>\n<li>verificarea identit\u0103\u021bii utilizatorilor Site-ului \u00eenregistra\u021bi \u00eenainte de a putea accesa informa\u021biile lor personale.<\/li>\n<\/ul>\n<p>Cum ne pute\u021bi contacta?<\/p>\n<p>Dac\u0103 ave\u021bi orice \u00eentreb\u0103ri, reclama\u021bii, sau comentarii cu privire la aceast\u0103 politic\u0103 de confiden\u021bialitate sau la practicile noastre de colectare a informa\u021biilor, v\u0103 rug\u0103m s\u0103 ne contacta\u021bi la office@dbcr.ro. sau la sediul BURUIAN, CARACA\u0218 \u0218I ASOCIA\u021aII:Bucure\u0219ti, Sector 3, Strada Me\u0219terul Manole, nr. 6, bl. D11, sc. 1, et. 1, ap. 4, Rom\u00e2nia.<\/p>\n","protected":false},"excerpt":{"rendered":"<p>PRELUCRAREA DATELOR CU CARACTER PERSONAL Ultima actualizare: august 2020. DBCR respect\u0103 dreptul la via\u021b\u0103 privat\u0103 al persoanelor care viziteaz\u0103 Site-ul \u0219i care ne contacteaz\u0103 pe cale electronic\u0103. Atunci c\u00e2nd interac\u021biona\u021bi cu noi, exist\u0103 posibilitatea s\u0103 ne furniza\u021bi informa\u021bii care s\u0103 ne ajute s\u0103 v\u0103 identific\u0103m (spre exemplu, nume, e-mail, num\u0103r de telefon). De asemenea, anumite [&hellip;]<\/p>\n","protected":false},"author":1,"featured_media":0,"parent":0,"menu_order":0,"comment_status":"closed","ping_status":"closed","template":"","meta":{"footnotes":""},"yoast_head":"<!-- This site is optimized with the Yoast SEO plugin v21.4 - https:\/\/yoast.com\/wordpress\/plugins\/seo\/ -->\n<title>Politica de confiden\u021bialitate - SCPA BURUIAN, CARACA\u0218 \u0218I ASOCIA\u021aII<\/title>\n<meta name=\"robots\" content=\"noindex, nofollow\" \/>\n<meta property=\"og:locale\" content=\"ro_RO\" \/>\n<meta property=\"og:type\" content=\"article\" \/>\n<meta property=\"og:title\" content=\"Politica de confiden\u021bialitate - SCPA BURUIAN, CARACA\u0218 \u0218I ASOCIA\u021aII\" \/>\n<meta property=\"og:description\" content=\"PRELUCRAREA DATELOR CU CARACTER PERSONAL Ultima actualizare: august 2020. DBCR respect\u0103 dreptul la via\u021b\u0103 privat\u0103 al persoanelor care viziteaz\u0103 Site-ul \u0219i care ne contacteaz\u0103 pe cale electronic\u0103. Atunci c\u00e2nd interac\u021biona\u021bi cu noi, exist\u0103 posibilitatea s\u0103 ne furniza\u021bi informa\u021bii care s\u0103 ne ajute s\u0103 v\u0103 identific\u0103m (spre exemplu, nume, e-mail, num\u0103r de telefon). De asemenea, anumite [&hellip;]\" \/>\n<meta property=\"og:url\" content=\"https:\/\/avocat-buruian-caracas.ro\/ro\/politica-de-confidentialitate\/\" \/>\n<meta property=\"og:site_name\" content=\"SCPA BURUIAN, CARACA\u0218 \u0218I ASOCIA\u021aII\" \/>\n<meta property=\"article:publisher\" content=\"https:\/\/www.facebook.com\/buruian.caracas.avocati\/\" \/>\n<meta name=\"twitter:card\" content=\"summary_large_image\" \/>\n<meta name=\"twitter:label1\" content=\"Timp estimat pentru citire\" \/>\n\t<meta name=\"twitter:data1\" content=\"11 minute\" \/>\n<script type=\"application\/ld+json\" class=\"yoast-schema-graph\">{\"@context\":\"https:\/\/schema.org\",\"@graph\":[{\"@type\":\"WebPage\",\"@id\":\"https:\/\/avocat-buruian-caracas.ro\/ro\/politica-de-confidentialitate\/\",\"url\":\"https:\/\/avocat-buruian-caracas.ro\/ro\/politica-de-confidentialitate\/\",\"name\":\"Politica de confiden\u021bialitate - SCPA BURUIAN, CARACA\u0218 \u0218I ASOCIA\u021aII\",\"isPartOf\":{\"@id\":\"https:\/\/avocat-buruian-caracas.ro\/ro\/#website\"},\"datePublished\":\"2020-09-30T07:58:56+00:00\",\"dateModified\":\"2020-09-30T07:58:56+00:00\",\"breadcrumb\":{\"@id\":\"https:\/\/avocat-buruian-caracas.ro\/ro\/politica-de-confidentialitate\/#breadcrumb\"},\"inLanguage\":\"ro-RO\",\"potentialAction\":[{\"@type\":\"ReadAction\",\"target\":[\"https:\/\/avocat-buruian-caracas.ro\/ro\/politica-de-confidentialitate\/\"]}]},{\"@type\":\"BreadcrumbList\",\"@id\":\"https:\/\/avocat-buruian-caracas.ro\/ro\/politica-de-confidentialitate\/#breadcrumb\",\"itemListElement\":[{\"@type\":\"ListItem\",\"position\":1,\"name\":\"Home\",\"item\":\"https:\/\/avocat-buruian-caracas.ro\/ro\/\"},{\"@type\":\"ListItem\",\"position\":2,\"name\":\"Politica de confiden\u021bialitate\"}]},{\"@type\":\"WebSite\",\"@id\":\"https:\/\/avocat-buruian-caracas.ro\/ro\/#website\",\"url\":\"https:\/\/avocat-buruian-caracas.ro\/ro\/\",\"name\":\"SCP BURUIAN, CARACAS SI ASOCIATII\",\"description\":\"SCPA\",\"publisher\":{\"@id\":\"https:\/\/avocat-buruian-caracas.ro\/ro\/#organization\"},\"potentialAction\":[{\"@type\":\"SearchAction\",\"target\":{\"@type\":\"EntryPoint\",\"urlTemplate\":\"https:\/\/avocat-buruian-caracas.ro\/ro\/?s={search_term_string}\"},\"query-input\":\"required name=search_term_string\"}],\"inLanguage\":\"ro-RO\"},{\"@type\":\"Organization\",\"@id\":\"https:\/\/avocat-buruian-caracas.ro\/ro\/#organization\",\"name\":\"BURUIAN, CARACAS SI ASOCIATII Societate Civila Profesionala de Avocati\",\"url\":\"https:\/\/avocat-buruian-caracas.ro\/ro\/\",\"logo\":{\"@type\":\"ImageObject\",\"inLanguage\":\"ro-RO\",\"@id\":\"https:\/\/avocat-buruian-caracas.ro\/ro\/#\/schema\/logo\/image\/\",\"url\":\"https:\/\/avocat-buruian-caracas.ro\/wp-content\/uploads\/unnamed-bun.png\",\"contentUrl\":\"https:\/\/avocat-buruian-caracas.ro\/wp-content\/uploads\/unnamed-bun.png\",\"width\":277,\"height\":88,\"caption\":\"BURUIAN, CARACAS SI ASOCIATII Societate Civila Profesionala de Avocati\"},\"image\":{\"@id\":\"https:\/\/avocat-buruian-caracas.ro\/ro\/#\/schema\/logo\/image\/\"},\"sameAs\":[\"https:\/\/www.facebook.com\/buruian.caracas.avocati\/\"]}]}<\/script>\n<!-- \/ Yoast SEO plugin. -->","yoast_head_json":{"title":"Politica de confiden\u021bialitate - SCPA BURUIAN, CARACA\u0218 \u0218I ASOCIA\u021aII","robots":{"index":"noindex","follow":"nofollow"},"og_locale":"ro_RO","og_type":"article","og_title":"Politica de confiden\u021bialitate - SCPA BURUIAN, CARACA\u0218 \u0218I ASOCIA\u021aII","og_description":"PRELUCRAREA DATELOR CU CARACTER PERSONAL Ultima actualizare: august 2020. DBCR respect\u0103 dreptul la via\u021b\u0103 privat\u0103 al persoanelor care viziteaz\u0103 Site-ul \u0219i care ne contacteaz\u0103 pe cale electronic\u0103. Atunci c\u00e2nd interac\u021biona\u021bi cu noi, exist\u0103 posibilitatea s\u0103 ne furniza\u021bi informa\u021bii care s\u0103 ne ajute s\u0103 v\u0103 identific\u0103m (spre exemplu, nume, e-mail, num\u0103r de telefon). De asemenea, anumite [&hellip;]","og_url":"https:\/\/avocat-buruian-caracas.ro\/ro\/politica-de-confidentialitate\/","og_site_name":"SCPA BURUIAN, CARACA\u0218 \u0218I ASOCIA\u021aII","article_publisher":"https:\/\/www.facebook.com\/buruian.caracas.avocati\/","twitter_card":"summary_large_image","twitter_misc":{"Timp estimat pentru citire":"11 minute"},"schema":{"@context":"https:\/\/schema.org","@graph":[{"@type":"WebPage","@id":"https:\/\/avocat-buruian-caracas.ro\/ro\/politica-de-confidentialitate\/","url":"https:\/\/avocat-buruian-caracas.ro\/ro\/politica-de-confidentialitate\/","name":"Politica de confiden\u021bialitate - SCPA BURUIAN, CARACA\u0218 \u0218I ASOCIA\u021aII","isPartOf":{"@id":"https:\/\/avocat-buruian-caracas.ro\/ro\/#website"},"datePublished":"2020-09-30T07:58:56+00:00","dateModified":"2020-09-30T07:58:56+00:00","breadcrumb":{"@id":"https:\/\/avocat-buruian-caracas.ro\/ro\/politica-de-confidentialitate\/#breadcrumb"},"inLanguage":"ro-RO","potentialAction":[{"@type":"ReadAction","target":["https:\/\/avocat-buruian-caracas.ro\/ro\/politica-de-confidentialitate\/"]}]},{"@type":"BreadcrumbList","@id":"https:\/\/avocat-buruian-caracas.ro\/ro\/politica-de-confidentialitate\/#breadcrumb","itemListElement":[{"@type":"ListItem","position":1,"name":"Home","item":"https:\/\/avocat-buruian-caracas.ro\/ro\/"},{"@type":"ListItem","position":2,"name":"Politica de confiden\u021bialitate"}]},{"@type":"WebSite","@id":"https:\/\/avocat-buruian-caracas.ro\/ro\/#website","url":"https:\/\/avocat-buruian-caracas.ro\/ro\/","name":"SCP BURUIAN, CARACAS SI ASOCIATII","description":"SCPA","publisher":{"@id":"https:\/\/avocat-buruian-caracas.ro\/ro\/#organization"},"potentialAction":[{"@type":"SearchAction","target":{"@type":"EntryPoint","urlTemplate":"https:\/\/avocat-buruian-caracas.ro\/ro\/?s={search_term_string}"},"query-input":"required name=search_term_string"}],"inLanguage":"ro-RO"},{"@type":"Organization","@id":"https:\/\/avocat-buruian-caracas.ro\/ro\/#organization","name":"BURUIAN, CARACAS SI ASOCIATII Societate Civila Profesionala de Avocati","url":"https:\/\/avocat-buruian-caracas.ro\/ro\/","logo":{"@type":"ImageObject","inLanguage":"ro-RO","@id":"https:\/\/avocat-buruian-caracas.ro\/ro\/#\/schema\/logo\/image\/","url":"https:\/\/avocat-buruian-caracas.ro\/wp-content\/uploads\/unnamed-bun.png","contentUrl":"https:\/\/avocat-buruian-caracas.ro\/wp-content\/uploads\/unnamed-bun.png","width":277,"height":88,"caption":"BURUIAN, CARACAS SI ASOCIATII Societate Civila Profesionala de Avocati"},"image":{"@id":"https:\/\/avocat-buruian-caracas.ro\/ro\/#\/schema\/logo\/image\/"},"sameAs":["https:\/\/www.facebook.com\/buruian.caracas.avocati\/"]}]}},"_links":{"self":[{"href":"https:\/\/avocat-buruian-caracas.ro\/ro\/wp-json\/wp\/v2\/pages\/1358\/"}],"collection":[{"href":"https:\/\/avocat-buruian-caracas.ro\/ro\/wp-json\/wp\/v2\/pages\/"}],"about":[{"href":"https:\/\/avocat-buruian-caracas.ro\/ro\/wp-json\/wp\/v2\/types\/page\/"}],"author":[{"embeddable":true,"href":"https:\/\/avocat-buruian-caracas.ro\/ro\/wp-json\/wp\/v2\/users\/1\/"}],"replies":[{"embeddable":true,"href":"https:\/\/avocat-buruian-caracas.ro\/ro\/wp-json\/wp\/v2\/comments\/?post=1358"}],"version-history":[{"count":1,"href":"https:\/\/avocat-buruian-caracas.ro\/ro\/wp-json\/wp\/v2\/pages\/1358\/revisions\/"}],"predecessor-version":[{"id":1359,"href":"https:\/\/avocat-buruian-caracas.ro\/ro\/wp-json\/wp\/v2\/pages\/1358\/revisions\/1359\/"}],"wp:attachment":[{"href":"https:\/\/avocat-buruian-caracas.ro\/ro\/wp-json\/wp\/v2\/media\/?parent=1358"}],"curies":[{"name":"wp","href":"https:\/\/api.w.org\/{rel}","templated":true}]}}