{"id":1356,"date":"2020-09-30T09:57:29","date_gmt":"2020-09-30T07:57:29","guid":{"rendered":"https:\/\/avocat-buruian-caracas.ro\/?page_id=1356"},"modified":"2020-09-30T09:57:29","modified_gmt":"2020-09-30T07:57:29","slug":"politica-de-cookies","status":"publish","type":"page","link":"https:\/\/avocat-buruian-caracas.ro\/ro\/politica-de-cookies\/","title":{"rendered":"Politica de cookies"},"content":{"rendered":"<ol>\n<li><strong>Utilizarea cookie-urilor<\/strong><\/li>\n<\/ol>\n<ul>\n<li><strong>Date generale<\/strong><\/li>\n<\/ul>\n<p>Cookie-urile sunt fi\u0219iere text, de mici dimensiuni, salvate pe computerul dumneavoastr\u0103 atunci c\u00e2nd vizita\u021bi o Ofert\u0103 online. Dac\u0103 accesa\u021bi aceast\u0103 Ofert\u0103 online alt\u0103dat\u0103, browserul dumneavoastr\u0103 va transmite con\u021binutul cookie-urilor c\u0103tre ofertantul respectiv, permi\u021b\u00e2nd astfel reidentificarea terminalului. Citirea cookie-urilor ne permite configurarea \u00een mod optim a Ofertelor online, facilit\u00e2nd utilizarea acestora.<\/p>\n<p>&nbsp;<\/p>\n<ul>\n<li><strong>Dezactivarea \u0219i \u0219tergerea cookie-urilor<\/strong><\/li>\n<\/ul>\n<p>C\u00e2nd vizita\u021bi paginile noastre de internet ve\u021bi fi \u00eentrebat \u00eentr-o fereastr\u0103 pop-up dac\u0103 sunte\u021bi de acord cu utilizarea cookie-urilor de pe pagina noastr\u0103 sau dori\u021bi s\u0103 le dezactiva\u021bi din set\u0103ri.<\/p>\n<p>Dac\u0103 decide\u021bi s\u0103 bloca\u021bi cookie-urile, browserul dumneavoastr\u0103 are o op\u021biune de blocare. Acest cookie are exclusiv rolul de a aloca obiec\u021bia dumneavoastr\u0103. Dezactivarea cookie-urilor poate dezactiva func\u021bii individuale ale paginilor noastre de internet. Re\u021bine\u021bi c\u0103, din motive tehnice, un cookie de blocare poate fi setat doar pentru browserul care a fost utilizat pentru setarea acestuia. Dac\u0103 \u0219terge\u021bi cookie-urile, dac\u0103 folosi\u021bi un alt browser sau un alt terminal, va trebui s\u0103 le bloca\u021bi din nou.<\/p>\n<p>Preferin\u021bele nu se aplic\u0103 \u00een cazul cookie-urilor care sunt setate \u00een timpul vizitelor dumneavoastr\u0103 pe paginile de internet ale ter\u021bilor.<\/p>\n<p>Browserul dumneavoastr\u0103 v\u0103 permite \u00een orice moment \u0219tergerea tuturor cookie-urilor. Pentru aceasta, consulta\u021bi func\u021biile de asisten\u021b\u0103 ale browserului dumneavoastr\u0103. Totu\u0219i, acest lucru poate cauza indisponibilizarea unor func\u021bii individuale.<\/p>\n<p>\u00cen plus, pute\u021bi gestiona \u0219i dezactiva cookie-urile ter\u021bilor pe urm\u0103toarea pagin\u0103 web:<\/p>\n<p><a href=\"http:\/\/www.youronlinechoices.com\/uk\/your-ad-choices\"><strong>http:\/\/www.youronlinechoices.com\/uk\/your-ad-choices<\/strong><\/a><strong>.<\/strong><\/p>\n<p>\u00centruc\u00e2t nu oper\u0103m acest site web, nu suntem responsabili \u0219i nu putem influen\u021ba con\u021binutul \u0219i disponibilitatea.<\/p>\n<p>&nbsp;<\/p>\n<ul>\n<li><strong>Prezentarea general\u0103 a cookie-urilor folosite de noi<\/strong><\/li>\n<\/ul>\n<p>\u00cen aceast\u0103 sec\u021biune pute\u021bi g\u0103si o prezentare general\u0103 a cookie-urilor folosite de c\u0103tre noi.<\/p>\n<p>&nbsp;<\/p>\n<ul>\n<li><strong>Cookie-uri absolut necesare<\/strong><\/li>\n<\/ul>\n<p>Anumite cookie-uri sunt necesare pentru a putea furniza \u00een siguran\u021b\u0103 Ofertele noastre online. Aceast\u0103 categorie include, de exemplu:<\/p>\n<ul>\n<li>Cookie-uri care identific\u0103 sau autentific\u0103 utilizatorii no\u0219tri;<\/li>\n<li>Cookie-uri care salveaz\u0103 temporar anumite informa\u021bii introduse de utilizator;<\/li>\n<li>Cookie-uri care stocheaz\u0103 anumite preferin\u021be ale utilizatorului (de exemplu, c\u0103ut\u0103ri sau set\u0103ri de limb\u0103);<\/li>\n<li>Cookie-uri care stocheaz\u0103 datele pentru a asigura redarea neobstruc\u021bionat\u0103 de con\u021binut video sau audio.<\/li>\n<\/ul>\n<p>&nbsp;<\/p>\n<ul>\n<li><strong>Cookie-uri analitice<\/strong><\/li>\n<\/ul>\n<p>Folosim cookie-urile analitice pentru a \u00eenregistra comportamentul de utilizare (de exemplu, bannere publicitare accesate, c\u0103ut\u0103ri efectuate) al utilizatorilor no\u0219tri \u0219i a \u00eel evalua din punct de vedere statistic.<\/p>\n<p>&nbsp;<\/p>\n<ul>\n<li><strong>Cookie-uri de publicitate<\/strong><\/li>\n<\/ul>\n<p>Folosim, de asemenea, cookie-uri \u00een scopuri publicitare. Profilele de comportament de utilizare create cu ajutorul unor astfel de cookie-uri (de exemplu, bannere publicitare accesate, subpagini vizitate, c\u0103ut\u0103ri efectuate) sunt utilizate de noi pentru a v\u0103 afi\u0219a reclame sau oferte personalizate conform intereselor dumneavoastr\u0103 (\u201epublicitate bazat\u0103 pe interese\u201d).<\/p>\n<p>&nbsp;<\/p>\n<ul>\n<li><strong>Cookie-uri de conversie<\/strong><\/li>\n<\/ul>\n<p>Partenerii no\u0219tri de reperare a conversiilor seteaz\u0103 un cookie pe computerul dumneavoastr\u0103 (\u201ecookie de conversie\u201d) \u00een cazul \u00een care a\u021bi ajuns la site-ul nostru web printr-o reclam\u0103 a partenerului respectiv. Aceste cookie-uri expir\u0103, \u00een general, dup\u0103 30 de zile. Dac\u0103 vizita\u021bi anumite pagini pe care le g\u0103zduim \u0219i cookie-ul \u00eenc\u0103 nu a expirat, noi \u0219i partenerul de urm\u0103rire a conversiilor respective putem vedea c\u0103 un anumit utilizator a accesat reclama \u0219i a fost direc\u021bionat c\u0103tre pagina noastr\u0103. Informa\u021biile colectate prin cookie-ul de conversie sunt utilizate pentru a crea statistici de conversie \u0219i a determina num\u0103rul total de utilizatori care au accesat reclama respectiv\u0103 \u0219i au fost direc\u021biona\u021bi c\u0103tre o pagin\u0103 dotat\u0103 cu o etichet\u0103 de urm\u0103rire a conversiilor.<\/p>\n<p>&nbsp;<\/p>\n<ul>\n<li><strong>Cookie-uri de reperare \u00een asociere cu plugin-uri sociale <\/strong><\/li>\n<\/ul>\n<p>Anumite pagini ale Ofertelor noastre online integreaz\u0103 con\u021binut \u0219i servicii de la al\u021bi furnizori (de exemplu, Facebook, Twitter), care pot utiliza, la r\u00e2ndul lor, cookie-uri \u0219i componente active. DBCR nu poate influen\u021ba prelucrarea datelor cu caracter personal efectuat\u0103 de ace\u0219ti furnizori.<\/p>\n","protected":false},"excerpt":{"rendered":"<p>Utilizarea cookie-urilor Date generale Cookie-urile sunt fi\u0219iere text, de mici dimensiuni, salvate pe computerul dumneavoastr\u0103 atunci c\u00e2nd vizita\u021bi o Ofert\u0103 online. Dac\u0103 accesa\u021bi aceast\u0103 Ofert\u0103 online alt\u0103dat\u0103, browserul dumneavoastr\u0103 va transmite con\u021binutul cookie-urilor c\u0103tre ofertantul respectiv, permi\u021b\u00e2nd astfel reidentificarea terminalului. Citirea cookie-urilor ne permite configurarea \u00een mod optim a Ofertelor online, facilit\u00e2nd utilizarea acestora. &nbsp; [&hellip;]<\/p>\n","protected":false},"author":1,"featured_media":0,"parent":0,"menu_order":0,"comment_status":"closed","ping_status":"closed","template":"","meta":{"footnotes":""},"yoast_head":"<!-- This site is optimized with the Yoast SEO plugin v21.4 - https:\/\/yoast.com\/wordpress\/plugins\/seo\/ -->\n<title>Politica de cookies - SCPA BURUIAN, CARACA\u0218 \u0218I ASOCIA\u021aII<\/title>\n<meta name=\"robots\" content=\"noindex, nofollow\" \/>\n<meta property=\"og:locale\" content=\"ro_RO\" \/>\n<meta property=\"og:type\" content=\"article\" \/>\n<meta property=\"og:title\" content=\"Politica de cookies - SCPA BURUIAN, CARACA\u0218 \u0218I ASOCIA\u021aII\" \/>\n<meta property=\"og:description\" content=\"Utilizarea cookie-urilor Date generale Cookie-urile sunt fi\u0219iere text, de mici dimensiuni, salvate pe computerul dumneavoastr\u0103 atunci c\u00e2nd vizita\u021bi o Ofert\u0103 online. Dac\u0103 accesa\u021bi aceast\u0103 Ofert\u0103 online alt\u0103dat\u0103, browserul dumneavoastr\u0103 va transmite con\u021binutul cookie-urilor c\u0103tre ofertantul respectiv, permi\u021b\u00e2nd astfel reidentificarea terminalului. Citirea cookie-urilor ne permite configurarea \u00een mod optim a Ofertelor online, facilit\u00e2nd utilizarea acestora. &nbsp; [&hellip;]\" \/>\n<meta property=\"og:url\" content=\"https:\/\/avocat-buruian-caracas.ro\/ro\/politica-de-cookies\/\" \/>\n<meta property=\"og:site_name\" content=\"SCPA BURUIAN, CARACA\u0218 \u0218I ASOCIA\u021aII\" \/>\n<meta property=\"article:publisher\" content=\"https:\/\/www.facebook.com\/buruian.caracas.avocati\/\" \/>\n<meta name=\"twitter:card\" content=\"summary_large_image\" \/>\n<meta name=\"twitter:label1\" content=\"Timp estimat pentru citire\" \/>\n\t<meta name=\"twitter:data1\" content=\"3 minute\" \/>\n<script type=\"application\/ld+json\" class=\"yoast-schema-graph\">{\"@context\":\"https:\/\/schema.org\",\"@graph\":[{\"@type\":\"WebPage\",\"@id\":\"https:\/\/avocat-buruian-caracas.ro\/ro\/politica-de-cookies\/\",\"url\":\"https:\/\/avocat-buruian-caracas.ro\/ro\/politica-de-cookies\/\",\"name\":\"Politica de cookies - SCPA BURUIAN, CARACA\u0218 \u0218I ASOCIA\u021aII\",\"isPartOf\":{\"@id\":\"https:\/\/avocat-buruian-caracas.ro\/ro\/#website\"},\"datePublished\":\"2020-09-30T07:57:29+00:00\",\"dateModified\":\"2020-09-30T07:57:29+00:00\",\"breadcrumb\":{\"@id\":\"https:\/\/avocat-buruian-caracas.ro\/ro\/politica-de-cookies\/#breadcrumb\"},\"inLanguage\":\"ro-RO\",\"potentialAction\":[{\"@type\":\"ReadAction\",\"target\":[\"https:\/\/avocat-buruian-caracas.ro\/ro\/politica-de-cookies\/\"]}]},{\"@type\":\"BreadcrumbList\",\"@id\":\"https:\/\/avocat-buruian-caracas.ro\/ro\/politica-de-cookies\/#breadcrumb\",\"itemListElement\":[{\"@type\":\"ListItem\",\"position\":1,\"name\":\"Home\",\"item\":\"https:\/\/avocat-buruian-caracas.ro\/ro\/\"},{\"@type\":\"ListItem\",\"position\":2,\"name\":\"Politica de cookies\"}]},{\"@type\":\"WebSite\",\"@id\":\"https:\/\/avocat-buruian-caracas.ro\/ro\/#website\",\"url\":\"https:\/\/avocat-buruian-caracas.ro\/ro\/\",\"name\":\"SCP BURUIAN, CARACAS SI ASOCIATII\",\"description\":\"SCPA\",\"publisher\":{\"@id\":\"https:\/\/avocat-buruian-caracas.ro\/ro\/#organization\"},\"potentialAction\":[{\"@type\":\"SearchAction\",\"target\":{\"@type\":\"EntryPoint\",\"urlTemplate\":\"https:\/\/avocat-buruian-caracas.ro\/ro\/?s={search_term_string}\"},\"query-input\":\"required name=search_term_string\"}],\"inLanguage\":\"ro-RO\"},{\"@type\":\"Organization\",\"@id\":\"https:\/\/avocat-buruian-caracas.ro\/ro\/#organization\",\"name\":\"BURUIAN, CARACAS SI ASOCIATII Societate Civila Profesionala de Avocati\",\"url\":\"https:\/\/avocat-buruian-caracas.ro\/ro\/\",\"logo\":{\"@type\":\"ImageObject\",\"inLanguage\":\"ro-RO\",\"@id\":\"https:\/\/avocat-buruian-caracas.ro\/ro\/#\/schema\/logo\/image\/\",\"url\":\"https:\/\/avocat-buruian-caracas.ro\/wp-content\/uploads\/unnamed-bun.png\",\"contentUrl\":\"https:\/\/avocat-buruian-caracas.ro\/wp-content\/uploads\/unnamed-bun.png\",\"width\":277,\"height\":88,\"caption\":\"BURUIAN, CARACAS SI ASOCIATII Societate Civila Profesionala de Avocati\"},\"image\":{\"@id\":\"https:\/\/avocat-buruian-caracas.ro\/ro\/#\/schema\/logo\/image\/\"},\"sameAs\":[\"https:\/\/www.facebook.com\/buruian.caracas.avocati\/\"]}]}<\/script>\n<!-- \/ Yoast SEO plugin. -->","yoast_head_json":{"title":"Politica de cookies - SCPA BURUIAN, CARACA\u0218 \u0218I ASOCIA\u021aII","robots":{"index":"noindex","follow":"nofollow"},"og_locale":"ro_RO","og_type":"article","og_title":"Politica de cookies - SCPA BURUIAN, CARACA\u0218 \u0218I ASOCIA\u021aII","og_description":"Utilizarea cookie-urilor Date generale Cookie-urile sunt fi\u0219iere text, de mici dimensiuni, salvate pe computerul dumneavoastr\u0103 atunci c\u00e2nd vizita\u021bi o Ofert\u0103 online. Dac\u0103 accesa\u021bi aceast\u0103 Ofert\u0103 online alt\u0103dat\u0103, browserul dumneavoastr\u0103 va transmite con\u021binutul cookie-urilor c\u0103tre ofertantul respectiv, permi\u021b\u00e2nd astfel reidentificarea terminalului. Citirea cookie-urilor ne permite configurarea \u00een mod optim a Ofertelor online, facilit\u00e2nd utilizarea acestora. &nbsp; [&hellip;]","og_url":"https:\/\/avocat-buruian-caracas.ro\/ro\/politica-de-cookies\/","og_site_name":"SCPA BURUIAN, CARACA\u0218 \u0218I ASOCIA\u021aII","article_publisher":"https:\/\/www.facebook.com\/buruian.caracas.avocati\/","twitter_card":"summary_large_image","twitter_misc":{"Timp estimat pentru citire":"3 minute"},"schema":{"@context":"https:\/\/schema.org","@graph":[{"@type":"WebPage","@id":"https:\/\/avocat-buruian-caracas.ro\/ro\/politica-de-cookies\/","url":"https:\/\/avocat-buruian-caracas.ro\/ro\/politica-de-cookies\/","name":"Politica de cookies - SCPA BURUIAN, CARACA\u0218 \u0218I ASOCIA\u021aII","isPartOf":{"@id":"https:\/\/avocat-buruian-caracas.ro\/ro\/#website"},"datePublished":"2020-09-30T07:57:29+00:00","dateModified":"2020-09-30T07:57:29+00:00","breadcrumb":{"@id":"https:\/\/avocat-buruian-caracas.ro\/ro\/politica-de-cookies\/#breadcrumb"},"inLanguage":"ro-RO","potentialAction":[{"@type":"ReadAction","target":["https:\/\/avocat-buruian-caracas.ro\/ro\/politica-de-cookies\/"]}]},{"@type":"BreadcrumbList","@id":"https:\/\/avocat-buruian-caracas.ro\/ro\/politica-de-cookies\/#breadcrumb","itemListElement":[{"@type":"ListItem","position":1,"name":"Home","item":"https:\/\/avocat-buruian-caracas.ro\/ro\/"},{"@type":"ListItem","position":2,"name":"Politica de cookies"}]},{"@type":"WebSite","@id":"https:\/\/avocat-buruian-caracas.ro\/ro\/#website","url":"https:\/\/avocat-buruian-caracas.ro\/ro\/","name":"SCP BURUIAN, CARACAS SI ASOCIATII","description":"SCPA","publisher":{"@id":"https:\/\/avocat-buruian-caracas.ro\/ro\/#organization"},"potentialAction":[{"@type":"SearchAction","target":{"@type":"EntryPoint","urlTemplate":"https:\/\/avocat-buruian-caracas.ro\/ro\/?s={search_term_string}"},"query-input":"required name=search_term_string"}],"inLanguage":"ro-RO"},{"@type":"Organization","@id":"https:\/\/avocat-buruian-caracas.ro\/ro\/#organization","name":"BURUIAN, CARACAS SI ASOCIATII Societate Civila Profesionala de Avocati","url":"https:\/\/avocat-buruian-caracas.ro\/ro\/","logo":{"@type":"ImageObject","inLanguage":"ro-RO","@id":"https:\/\/avocat-buruian-caracas.ro\/ro\/#\/schema\/logo\/image\/","url":"https:\/\/avocat-buruian-caracas.ro\/wp-content\/uploads\/unnamed-bun.png","contentUrl":"https:\/\/avocat-buruian-caracas.ro\/wp-content\/uploads\/unnamed-bun.png","width":277,"height":88,"caption":"BURUIAN, CARACAS SI ASOCIATII Societate Civila Profesionala de Avocati"},"image":{"@id":"https:\/\/avocat-buruian-caracas.ro\/ro\/#\/schema\/logo\/image\/"},"sameAs":["https:\/\/www.facebook.com\/buruian.caracas.avocati\/"]}]}},"_links":{"self":[{"href":"https:\/\/avocat-buruian-caracas.ro\/ro\/wp-json\/wp\/v2\/pages\/1356\/"}],"collection":[{"href":"https:\/\/avocat-buruian-caracas.ro\/ro\/wp-json\/wp\/v2\/pages\/"}],"about":[{"href":"https:\/\/avocat-buruian-caracas.ro\/ro\/wp-json\/wp\/v2\/types\/page\/"}],"author":[{"embeddable":true,"href":"https:\/\/avocat-buruian-caracas.ro\/ro\/wp-json\/wp\/v2\/users\/1\/"}],"replies":[{"embeddable":true,"href":"https:\/\/avocat-buruian-caracas.ro\/ro\/wp-json\/wp\/v2\/comments\/?post=1356"}],"version-history":[{"count":1,"href":"https:\/\/avocat-buruian-caracas.ro\/ro\/wp-json\/wp\/v2\/pages\/1356\/revisions\/"}],"predecessor-version":[{"id":1357,"href":"https:\/\/avocat-buruian-caracas.ro\/ro\/wp-json\/wp\/v2\/pages\/1356\/revisions\/1357\/"}],"wp:attachment":[{"href":"https:\/\/avocat-buruian-caracas.ro\/ro\/wp-json\/wp\/v2\/media\/?parent=1356"}],"curies":[{"name":"wp","href":"https:\/\/api.w.org\/{rel}","templated":true}]}}